{"id":1170,"date":"2023-06-10T09:10:31","date_gmt":"2023-06-10T14:10:31","guid":{"rendered":"https:\/\/biomedicals.com.co\/?post_type=product&#038;p=1170"},"modified":"2023-06-10T09:10:31","modified_gmt":"2023-06-10T14:10:31","slug":"autoclave-24-litros-automat-2400-automatico-capacidad-24-lts","status":"publish","type":"product","link":"https:\/\/biomedicals.com.co\/index.php\/producto\/autoclave-24-litros-automat-2400-automatico-capacidad-24-lts\/","title":{"rendered":"Autoclave 24 Litros AUTOMAT 2400-Automatico- Capacidad 24 Lts."},"content":{"rendered":"<p><span style=\"font-weight: 400;\">REF. DEL PRODUCTO: EO0010<\/span><\/p>\n<p><span style=\"font-weight: 400;\">Autoclave 24 Litros AUTOMAT 2400 Autom\u00e1tico. Autoclave para la esterilizaci\u00f3n de elementos e instrumental medico odontol\u00f3gico<\/span><\/p>\n","protected":false},"excerpt":{"rendered":"<p>REF. DEL PRODUCTO: EO0010 Autoclave 24 Litros AUTOMAT 2400 Autom\u00e1tico. Autoclave para la esterilizaci\u00f3n de elementos e instrumental medico odontol\u00f3gico<\/p>\n","protected":false},"featured_media":1171,"comment_status":"open","ping_status":"closed","template":"","meta":[],"product_cat":[49],"product_tag":[],"acf":[],"aioseo_notices":[],"_links":{"self":[{"href":"https:\/\/biomedicals.com.co\/index.php\/wp-json\/wp\/v2\/product\/1170"}],"collection":[{"href":"https:\/\/biomedicals.com.co\/index.php\/wp-json\/wp\/v2\/product"}],"about":[{"href":"https:\/\/biomedicals.com.co\/index.php\/wp-json\/wp\/v2\/types\/product"}],"replies":[{"embeddable":true,"href":"https:\/\/biomedicals.com.co\/index.php\/wp-json\/wp\/v2\/comments?post=1170"}],"wp:featuredmedia":[{"embeddable":true,"href":"https:\/\/biomedicals.com.co\/index.php\/wp-json\/wp\/v2\/media\/1171"}],"wp:attachment":[{"href":"https:\/\/biomedicals.com.co\/index.php\/wp-json\/wp\/v2\/media?parent=1170"}],"wp:term":[{"taxonomy":"product_cat","embeddable":true,"href":"https:\/\/biomedicals.com.co\/index.php\/wp-json\/wp\/v2\/product_cat?post=1170"},{"taxonomy":"product_tag","embeddable":true,"href":"https:\/\/biomedicals.com.co\/index.php\/wp-json\/wp\/v2\/product_tag?post=1170"}],"curies":[{"name":"wp","href":"https:\/\/api.w.org\/{rel}","templated":true}]}}