{"id":1627,"date":"2023-06-14T10:57:20","date_gmt":"2023-06-14T15:57:20","guid":{"rendered":"https:\/\/biomedicals.com.co\/?post_type=product&#038;p=1627"},"modified":"2023-08-04T14:44:13","modified_gmt":"2023-08-04T19:44:13","slug":"selladora-biopack-gnatus","status":"publish","type":"product","link":"https:\/\/biomedicals.com.co\/index.php\/producto\/selladora-biopack-gnatus\/","title":{"rendered":"Selladoras"},"content":{"rendered":"<p><span style=\"font-weight: 400;\">\u00a0<\/span><span style=\"font-weight: 400;\">Selladora dise\u00f1ada para el sellado herm\u00e9tico de papeles para esterilizaci\u00f3n Sellado Bolsa Esterilizaci\u00f3n de diferentes medidas, hasta un ancho m\u00e1ximo de 30cm. <\/span><\/p>\n<p><span style=\"font-weight: 400;\">Almacenar los instrumentos, manteni\u00e9ndolos est\u00e9riles hasta que se realice su apertura.Realiza sellado y corte seg\u00fan necesidad del profesional<\/span><\/p>\n","protected":false},"excerpt":{"rendered":"<p><span style=\"font-weight: 400;\">\u00a0<\/span><span style=\"font-weight: 400;\">Selladora dise\u00f1ada para el sellado herm\u00e9tico de papeles para esterilizaci\u00f3n Sellado Bolsa Esterilizaci\u00f3n de diferentes medidas, hasta un ancho m\u00e1ximo de 30cm<\/span><\/p>\n","protected":false},"featured_media":3103,"comment_status":"open","ping_status":"closed","template":"","meta":[],"product_cat":[49],"product_tag":[],"acf":[],"aioseo_notices":[],"_links":{"self":[{"href":"https:\/\/biomedicals.com.co\/index.php\/wp-json\/wp\/v2\/product\/1627"}],"collection":[{"href":"https:\/\/biomedicals.com.co\/index.php\/wp-json\/wp\/v2\/product"}],"about":[{"href":"https:\/\/biomedicals.com.co\/index.php\/wp-json\/wp\/v2\/types\/product"}],"replies":[{"embeddable":true,"href":"https:\/\/biomedicals.com.co\/index.php\/wp-json\/wp\/v2\/comments?post=1627"}],"wp:featuredmedia":[{"embeddable":true,"href":"https:\/\/biomedicals.com.co\/index.php\/wp-json\/wp\/v2\/media\/3103"}],"wp:attachment":[{"href":"https:\/\/biomedicals.com.co\/index.php\/wp-json\/wp\/v2\/media?parent=1627"}],"wp:term":[{"taxonomy":"product_cat","embeddable":true,"href":"https:\/\/biomedicals.com.co\/index.php\/wp-json\/wp\/v2\/product_cat?post=1627"},{"taxonomy":"product_tag","embeddable":true,"href":"https:\/\/biomedicals.com.co\/index.php\/wp-json\/wp\/v2\/product_tag?post=1627"}],"curies":[{"name":"wp","href":"https:\/\/api.w.org\/{rel}","templated":true}]}}