{"id":1631,"date":"2023-06-14T11:01:11","date_gmt":"2023-06-14T16:01:11","guid":{"rendered":"https:\/\/biomedicals.com.co\/?post_type=product&#038;p=1631"},"modified":"2023-08-04T14:46:00","modified_gmt":"2023-08-04T19:46:00","slug":"cavitron-bobcat-pro-dentsply-con-1-inserto","status":"publish","type":"product","link":"https:\/\/biomedicals.com.co\/index.php\/producto\/cavitron-bobcat-pro-dentsply-con-1-inserto\/","title":{"rendered":"Cavitron BobCat Pro Dentsply"},"content":{"rendered":"<p><span style=\"font-weight: 400;\">Dentsply le ofrece la unidad econ\u00f3mica BOBCAT, la cual cuenta con tecnolog\u00eda b\u00e1sica ultras\u00f3nica adem\u00e1s de toda la confianza comprobada del producto. <\/span><\/p>\n<p><span style=\"font-weight: 400;\">El Cavitr\u00f3n BoBcat puede utilizar todos los insertos 25kHz. El BoBcat opera a una frecuencia de 25.000 ciclos\/segundo para un alto funcionamiento en la remoci\u00f3n de c\u00e1lculos bien adheridos al diente. A comparaci\u00f3n de algunas unidades de la competencia, la potencia del BoBcat se mantiene a lo largo de su vida \u00fatil. BoBcat acepta toda la gama completa de insertos Cavitron.<\/span><\/p>\n","protected":false},"excerpt":{"rendered":"<p><span style=\"font-weight: 400;\">Dentsply le ofrece la unidad econ\u00f3mica BOBCAT, la cual cuenta con tecnolog\u00eda b\u00e1sica ultras\u00f3nica adem\u00e1s de toda la confianza comprobada del producto<\/span><\/p>\n","protected":false},"featured_media":1632,"comment_status":"open","ping_status":"closed","template":"","meta":[],"product_cat":[54],"product_tag":[],"acf":[],"aioseo_notices":[],"_links":{"self":[{"href":"https:\/\/biomedicals.com.co\/index.php\/wp-json\/wp\/v2\/product\/1631"}],"collection":[{"href":"https:\/\/biomedicals.com.co\/index.php\/wp-json\/wp\/v2\/product"}],"about":[{"href":"https:\/\/biomedicals.com.co\/index.php\/wp-json\/wp\/v2\/types\/product"}],"replies":[{"embeddable":true,"href":"https:\/\/biomedicals.com.co\/index.php\/wp-json\/wp\/v2\/comments?post=1631"}],"wp:featuredmedia":[{"embeddable":true,"href":"https:\/\/biomedicals.com.co\/index.php\/wp-json\/wp\/v2\/media\/1632"}],"wp:attachment":[{"href":"https:\/\/biomedicals.com.co\/index.php\/wp-json\/wp\/v2\/media?parent=1631"}],"wp:term":[{"taxonomy":"product_cat","embeddable":true,"href":"https:\/\/biomedicals.com.co\/index.php\/wp-json\/wp\/v2\/product_cat?post=1631"},{"taxonomy":"product_tag","embeddable":true,"href":"https:\/\/biomedicals.com.co\/index.php\/wp-json\/wp\/v2\/product_tag?post=1631"}],"curies":[{"name":"wp","href":"https:\/\/api.w.org\/{rel}","templated":true}]}}