{"id":1637,"date":"2023-06-14T11:04:38","date_gmt":"2023-06-14T16:04:38","guid":{"rendered":"https:\/\/biomedicals.com.co\/?post_type=product&#038;p=1637"},"modified":"2023-09-12T14:14:08","modified_gmt":"2023-09-12T19:14:08","slug":"scaler-nsk-neumatico-as2000","status":"publish","type":"product","link":"https:\/\/biomedicals.com.co\/index.php\/producto\/scaler-nsk-neumatico-as2000\/","title":{"rendered":"Scaler NSK Neum\u00e1tico AS2000"},"content":{"rendered":"<p>&nbsp;<\/p>\n<p><b>Scaler NSK\u00a0 AS 2000<\/b><\/p>\n<p>-Aspecto hermoso y sensaci\u00f3n c\u00f3moda en la mano.<br \/>\n-Versi\u00f3n m\u00e1s amplia y espacio de operaci\u00f3n debido a un cuerpo m\u00e1s peque\u00f1o.<br \/>\n-Menos dolor que el escalador ultras\u00f3nico, m\u00e1s aplicable para pacientes sensibles al dolor.<br \/>\n-Con cambiador de puntas de trabajo, f\u00e1cil de adaptar con EMS u otras puntas de trabajo de marca.<br \/>\n-Compare el nivel del mercado, la reducci\u00f3n del nivel de ruido en funcionamiento y se siente m\u00e1s c\u00f3modo.<br \/>\n-Se genera menos calor durante el uso para que se use menos agua de refrigeraci\u00f3n y la versi\u00f3n del dentista se vuelva m\u00e1s limpia.<\/p>\n<div class=\"function-text\">\n<p><strong>ESPECIFICACIONES:<br \/>\n<\/strong>\u2013 Borden 2\/3 v\u00edas<br \/>\n\u2013 Frecuencia de oscilaci\u00f3n 5.600 \u2013 6.000 Hz<br \/>\n\u2013 Peso 65g<\/p>\n<\/div>\n<p><strong>CONTENIDO:<br \/>\n<\/strong>\u2013 Scaler AS2000<br \/>\n\u2013 Juego de Puntas (S1, S2 &amp; S3)<br \/>\n\u2013 LLave de Punta (CR-20)<br \/>\n\u2013 Cubierta de Punta (L)<\/p>\n<p>&nbsp;<\/p>\n","protected":false},"excerpt":{"rendered":"<p>El scaler AS2000 de NSK es un equipo de uso nuem\u00e1tico, se conecta a la manguera de irrigaci\u00f3n de la unidad odontol\u00f3gica y con \u00e9l, podremos hacer procedimientos de escarificaci\u00f3n general.<\/p>\n<p>&nbsp;<\/p>\n","protected":false},"featured_media":1638,"comment_status":"open","ping_status":"closed","template":"","meta":[],"product_cat":[54],"product_tag":[],"acf":[],"aioseo_notices":[],"_links":{"self":[{"href":"https:\/\/biomedicals.com.co\/index.php\/wp-json\/wp\/v2\/product\/1637"}],"collection":[{"href":"https:\/\/biomedicals.com.co\/index.php\/wp-json\/wp\/v2\/product"}],"about":[{"href":"https:\/\/biomedicals.com.co\/index.php\/wp-json\/wp\/v2\/types\/product"}],"replies":[{"embeddable":true,"href":"https:\/\/biomedicals.com.co\/index.php\/wp-json\/wp\/v2\/comments?post=1637"}],"wp:featuredmedia":[{"embeddable":true,"href":"https:\/\/biomedicals.com.co\/index.php\/wp-json\/wp\/v2\/media\/1638"}],"wp:attachment":[{"href":"https:\/\/biomedicals.com.co\/index.php\/wp-json\/wp\/v2\/media?parent=1637"}],"wp:term":[{"taxonomy":"product_cat","embeddable":true,"href":"https:\/\/biomedicals.com.co\/index.php\/wp-json\/wp\/v2\/product_cat?post=1637"},{"taxonomy":"product_tag","embeddable":true,"href":"https:\/\/biomedicals.com.co\/index.php\/wp-json\/wp\/v2\/product_tag?post=1637"}],"curies":[{"name":"wp","href":"https:\/\/api.w.org\/{rel}","templated":true}]}}