{"id":1658,"date":"2023-06-14T11:14:06","date_gmt":"2023-06-14T16:14:06","guid":{"rendered":"https:\/\/biomedicals.com.co\/?post_type=product&#038;p=1658"},"modified":"2023-09-12T14:11:55","modified_gmt":"2023-09-12T19:11:55","slug":"scaler-ultrasonico-piezo-electrico-woodpecker-dte-d6-led","status":"publish","type":"product","link":"https:\/\/biomedicals.com.co\/index.php\/producto\/scaler-ultrasonico-piezo-electrico-woodpecker-dte-d6-led\/","title":{"rendered":"Scaler Ultras\u00f3nico LED D6- DTE Woodpecker"},"content":{"rendered":"<p>Equipo ultras\u00f3nico de alta potencia.<\/p>\n<p>Para detartraje , periodoncia y endodoncia<\/p>\n<p>Fuente de Poder de Entrada 100V a 240V 50Hz\/60Hz 150 mA<br \/>\nUnidad Principal de Entrada 24V 1.3\u00aa<\/p>\n<p>Excursi\u00f3n de Vibraci\u00f3n Punta Primaria de Emisi\u00f3n \u2264100\u03bcm<\/p>\n<p>Frecuencia de vibraci\u00f3n Punta de Emisi\u00f3n 28kHz \u00b1 3 kHz<\/p>\n<p>Potencia de Salida 3W a 20W<\/p>\n<p>Fusible Unidad Principal T1.6AL 250VT<\/p>\n<p>Fusible Fuente de Poder T0.5AL 250VT<\/p>\n<p>Presi\u00f3n de Agua 0.1 Bar a 5 Bar (0.01MpA a 0.5 MpA)<\/p>\n<p>Peso de la Unidad Principal 0.66 Kg<\/p>\n<p>Peso de la Fuente de Poder 1 Kg<\/p>\n<p>Pieza de mano desmontable, auto-lavable a 135\u00b0C a .022MPa.<\/p>\n","protected":false},"excerpt":{"rendered":"<p>Equipo ultras\u00f3nico de alta potencia con exclusiva iluminaci\u00f3n<\/p>\n<p>Para detartraje , periodoncia y endodoncia<\/p>\n","protected":false},"featured_media":1659,"comment_status":"open","ping_status":"closed","template":"","meta":[],"product_cat":[54],"product_tag":[],"acf":[],"aioseo_notices":[],"_links":{"self":[{"href":"https:\/\/biomedicals.com.co\/index.php\/wp-json\/wp\/v2\/product\/1658"}],"collection":[{"href":"https:\/\/biomedicals.com.co\/index.php\/wp-json\/wp\/v2\/product"}],"about":[{"href":"https:\/\/biomedicals.com.co\/index.php\/wp-json\/wp\/v2\/types\/product"}],"replies":[{"embeddable":true,"href":"https:\/\/biomedicals.com.co\/index.php\/wp-json\/wp\/v2\/comments?post=1658"}],"wp:featuredmedia":[{"embeddable":true,"href":"https:\/\/biomedicals.com.co\/index.php\/wp-json\/wp\/v2\/media\/1659"}],"wp:attachment":[{"href":"https:\/\/biomedicals.com.co\/index.php\/wp-json\/wp\/v2\/media?parent=1658"}],"wp:term":[{"taxonomy":"product_cat","embeddable":true,"href":"https:\/\/biomedicals.com.co\/index.php\/wp-json\/wp\/v2\/product_cat?post=1658"},{"taxonomy":"product_tag","embeddable":true,"href":"https:\/\/biomedicals.com.co\/index.php\/wp-json\/wp\/v2\/product_tag?post=1658"}],"curies":[{"name":"wp","href":"https:\/\/api.w.org\/{rel}","templated":true}]}}