{"id":1672,"date":"2023-06-14T11:23:26","date_gmt":"2023-06-14T16:23:26","guid":{"rendered":"https:\/\/biomedicals.com.co\/?post_type=product&#038;p=1672"},"modified":"2023-08-04T15:15:47","modified_gmt":"2023-08-04T20:15:47","slug":"compresor-dynair-1-hp-100-lbs","status":"publish","type":"product","link":"https:\/\/biomedicals.com.co\/index.php\/producto\/compresor-dynair-1-hp-100-lbs\/","title":{"rendered":"Compresor  de 1 HP-100 Lbs"},"content":{"rendered":"<p><b>Compresor Para Uso odontol\u00f3gico o m\u00e9dico &#8211; Libre de aceite<\/b><\/p>\n<p><span style=\"font-weight: 400;\">Motores Thomas Original<\/span><span style=\"font-weight: 400;\"><br \/>\n<\/span><span style=\"font-weight: 400;\"> Silencioso, menos de 60 db (1hp).<\/span><span style=\"font-weight: 400;\"><br \/>\n<\/span><span style=\"font-weight: 400;\"> Compresor libre de aceite.<\/span><span style=\"font-weight: 400;\"><br \/>\n<\/span><span style=\"font-weight: 400;\"> Racores en sistema prestolok (NO galvanizado).<\/span><span style=\"font-weight: 400;\"><br \/>\n<\/span><span style=\"font-weight: 400;\"> Monof\u00e1sico.<\/span><span style=\"font-weight: 400;\"><br \/>\n<\/span><span style=\"font-weight: 400;\"> V\u00e1lvula de alivio<\/span><span style=\"font-weight: 400;\"><br \/>\n<\/span><span style=\"font-weight: 400;\"> filtro<\/span><span style=\"font-weight: 400;\"><br \/>\n<\/span><span style=\"font-weight: 400;\"> V\u00e1lvula de seguridad.<\/span><span style=\"font-weight: 400;\"><br \/>\n<\/span><span style=\"font-weight: 400;\"> V\u00e1lvula de drenaje.<\/span><span style=\"font-weight: 400;\"><br \/>\n<\/span><span style=\"font-weight: 400;\"> Rejillas protectoras laterales.<\/span><span style=\"font-weight: 400;\"><br \/>\n<\/span><span style=\"font-weight: 400;\"> Garant\u00eda de un a\u00f1o sobre defectos de fabricaci\u00f3n<\/span><\/p>\n","protected":false},"excerpt":{"rendered":"<p><b>Compresor Para Uso odontol\u00f3gico o m\u00e9dico &#8211; Libre de aceite<\/b><\/p>\n","protected":false},"featured_media":1673,"comment_status":"open","ping_status":"closed","template":"","meta":[],"product_cat":[56],"product_tag":[],"acf":[],"aioseo_notices":[],"_links":{"self":[{"href":"https:\/\/biomedicals.com.co\/index.php\/wp-json\/wp\/v2\/product\/1672"}],"collection":[{"href":"https:\/\/biomedicals.com.co\/index.php\/wp-json\/wp\/v2\/product"}],"about":[{"href":"https:\/\/biomedicals.com.co\/index.php\/wp-json\/wp\/v2\/types\/product"}],"replies":[{"embeddable":true,"href":"https:\/\/biomedicals.com.co\/index.php\/wp-json\/wp\/v2\/comments?post=1672"}],"wp:featuredmedia":[{"embeddable":true,"href":"https:\/\/biomedicals.com.co\/index.php\/wp-json\/wp\/v2\/media\/1673"}],"wp:attachment":[{"href":"https:\/\/biomedicals.com.co\/index.php\/wp-json\/wp\/v2\/media?parent=1672"}],"wp:term":[{"taxonomy":"product_cat","embeddable":true,"href":"https:\/\/biomedicals.com.co\/index.php\/wp-json\/wp\/v2\/product_cat?post=1672"},{"taxonomy":"product_tag","embeddable":true,"href":"https:\/\/biomedicals.com.co\/index.php\/wp-json\/wp\/v2\/product_tag?post=1672"}],"curies":[{"name":"wp","href":"https:\/\/api.w.org\/{rel}","templated":true}]}}