{"id":1712,"date":"2023-06-14T11:47:04","date_gmt":"2023-06-14T16:47:04","guid":{"rendered":"https:\/\/biomedicals.com.co\/?post_type=product&#038;p=1712"},"modified":"2026-02-10T18:35:51","modified_gmt":"2026-02-10T23:35:51","slug":"equipo-de-rayos-x-periapical-a-muro-elity-70-programable","status":"publish","type":"product","link":"https:\/\/biomedicals.com.co\/index.php\/producto\/equipo-de-rayos-x-periapical-a-muro-elity-70-programable\/","title":{"rendered":"Equipo de Rayos X Periapical  de muro &#8211; Elity 70"},"content":{"rendered":"<p><span style=\"font-weight: 400;\">Es un equipo de radiograf\u00eda intraoral fabricado con un moderno sistema de control que permite mejorar la eficiencia en la toma de placas y reducir los niveles de radiaci\u00f3n para el paciente.<\/span><\/p>\n<p><b>ESPECIFICACIONES T\u00c9CNICAS DEL EQUIPO\u00a0<\/b><\/p>\n<p><span style=\"font-weight: 400;\">Modelo &#8211; ELITY 70 &#8211; MURO<\/span><\/p>\n<p><span style=\"font-weight: 400;\">Corriente de entrada &#8211; 8.2 Amp<\/span><\/p>\n<p><span style=\"font-weight: 400;\">Consumo de potencia &#8211; 0.8KVA @ 120V<\/span><\/p>\n<p><span style=\"font-weight: 400;\">Regulaci\u00f3n de voltaje de entrada &#8211; 3%<\/span><\/p>\n<p><span style=\"font-weight: 400;\">Breakers del circuito &#8211; 20 Amperios<\/span><\/p>\n<p><span style=\"font-weight: 400;\">Fusibles &#8211; 15A-250V<\/span><\/p>\n<p><span style=\"font-weight: 400;\">Voltaje &#8211; 110-240V<\/span><\/p>\n<p><span style=\"font-weight: 400;\">Frecuencia de l\u00ednea &#8211; 50-60Hz<\/span><\/p>\n<p><b>ESPECIFICACIONES T\u00c9CNICAS DEL CABEZOTE\u00a0<\/b><\/p>\n<p><span style=\"font-weight: 400;\">Voltaje de salida &#8211; 70kVp<\/span><\/p>\n<p><span style=\"font-weight: 400;\">Tipo de circuito de alto voltaje &#8211; 108-132 VAC monof\u00e1sico auto rectificado\u00a0<\/span><\/p>\n<p><span style=\"font-weight: 400;\">Corriente de salida &#8211; 8mA+\/- 2mA<\/span><\/p>\n<p><span style=\"font-weight: 400;\">filtraci\u00f3n total &#8211; 2.5mm Aluminum Equivalente@ 70kVp<\/span><\/p>\n<p><span style=\"font-weight: 400;\">Distancia m\u00ednima entre la fuerza y la piel &#8211; 20cm(8&#8243;)<\/span><\/p>\n<p><span style=\"font-weight: 400;\">M\u00e1ximo campo de radiaci\u00f3n sim\u00e9trico @ 20cm &#8211; 2 3\/8&#8243; (6cm)<\/span><\/p>\n<p><span style=\"font-weight: 400;\">Impedancia transformador &#8211; Secundario 70 K<\/span><\/p>\n<p><span style=\"font-weight: 400;\">Punto focal &#8211; 0.8mm<\/span><\/p>\n","protected":false},"excerpt":{"rendered":"<p><span style=\"font-weight: 400;\">Es un equipo de radiograf\u00eda intraoral fabricado con un moderno sistema de control que permite mejorar la eficiencia en la toma de placas y reducir los niveles de radiaci\u00f3n para el paciente.<\/span><\/p>\n","protected":false},"featured_media":4133,"comment_status":"open","ping_status":"closed","template":"","meta":[],"product_cat":[57],"product_tag":[],"acf":[],"aioseo_notices":[],"_links":{"self":[{"href":"https:\/\/biomedicals.com.co\/index.php\/wp-json\/wp\/v2\/product\/1712"}],"collection":[{"href":"https:\/\/biomedicals.com.co\/index.php\/wp-json\/wp\/v2\/product"}],"about":[{"href":"https:\/\/biomedicals.com.co\/index.php\/wp-json\/wp\/v2\/types\/product"}],"replies":[{"embeddable":true,"href":"https:\/\/biomedicals.com.co\/index.php\/wp-json\/wp\/v2\/comments?post=1712"}],"wp:featuredmedia":[{"embeddable":true,"href":"https:\/\/biomedicals.com.co\/index.php\/wp-json\/wp\/v2\/media\/4133"}],"wp:attachment":[{"href":"https:\/\/biomedicals.com.co\/index.php\/wp-json\/wp\/v2\/media?parent=1712"}],"wp:term":[{"taxonomy":"product_cat","embeddable":true,"href":"https:\/\/biomedicals.com.co\/index.php\/wp-json\/wp\/v2\/product_cat?post=1712"},{"taxonomy":"product_tag","embeddable":true,"href":"https:\/\/biomedicals.com.co\/index.php\/wp-json\/wp\/v2\/product_tag?post=1712"}],"curies":[{"name":"wp","href":"https:\/\/api.w.org\/{rel}","templated":true}]}}