{"id":1718,"date":"2023-06-14T11:49:07","date_gmt":"2023-06-14T16:49:07","guid":{"rendered":"https:\/\/biomedicals.com.co\/?post_type=product&#038;p=1718"},"modified":"2023-09-10T09:35:02","modified_gmt":"2023-09-10T14:35:02","slug":"equipo-de-rayos-x-portatil-microray","status":"publish","type":"product","link":"https:\/\/biomedicals.com.co\/index.php\/producto\/equipo-de-rayos-x-portatil-microray\/","title":{"rendered":"Equipo De Rayos X Portatil MicroRay"},"content":{"rendered":"<p>Liviano ,de facil y segura utilizacion<\/p>\n<p>&nbsp;<\/p>\n<p><strong>RENDIMIENTO:<\/strong> La fuente de alimentaci\u00f3n suministra un voltaje continuo de 60KV y una corriente constante de 2 \u00a0mA<\/p>\n<p><strong>EMISI\u00d3N DE RADIACI\u00d3N CONSTANTE:<\/strong> La alta frecuencia y la potencia constante \u00a0permiten que las radiograf\u00edas sean de excelente calidad con m\u00ednima radiaci\u00f3n para el paciente.<\/p>\n<p><strong>PROTECCI\u00d3N DE RADIACI\u00d3N:<\/strong> El equipo tiene todas las protecciones para evitar radiaciones indirectas y de baja energ\u00eda.<\/p>\n<p><strong>SIMPLE OPERACI\u00d3N:<\/strong> Solo \u00a0basta seleccionar el tipo de radiograf\u00eda, \u00a0el tama\u00f1o del paciente y \u00a0el tiempo de exposici\u00f3n.<\/p>\n<p><strong>LIVIANO Y ERGON\u00d3MICO:<\/strong> Generando m\u00e1s comodidad y mejores resultados para el paciente y el profesional de la salud.<\/p>\n<p><strong>EXPOSICION SEGURA:<\/strong> Protecciones contra exposiciones accidentales.<\/p>\n<p><strong>INGENIERIA MODERNA:<\/strong> Permite tomar radiograf\u00edas convencionales y digitales<\/p>\n","protected":false},"excerpt":{"rendered":"<p>&nbsp;<\/p>\n<p>Equipo de radiologia intraoral portatil , para peliculas periapicales o utilizar con sensor o radiovisiografo digital.<\/p>\n<p>&nbsp;<\/p>\n","protected":false},"featured_media":1719,"comment_status":"open","ping_status":"closed","template":"","meta":[],"product_cat":[57],"product_tag":[],"acf":[],"aioseo_notices":[],"_links":{"self":[{"href":"https:\/\/biomedicals.com.co\/index.php\/wp-json\/wp\/v2\/product\/1718"}],"collection":[{"href":"https:\/\/biomedicals.com.co\/index.php\/wp-json\/wp\/v2\/product"}],"about":[{"href":"https:\/\/biomedicals.com.co\/index.php\/wp-json\/wp\/v2\/types\/product"}],"replies":[{"embeddable":true,"href":"https:\/\/biomedicals.com.co\/index.php\/wp-json\/wp\/v2\/comments?post=1718"}],"wp:featuredmedia":[{"embeddable":true,"href":"https:\/\/biomedicals.com.co\/index.php\/wp-json\/wp\/v2\/media\/1719"}],"wp:attachment":[{"href":"https:\/\/biomedicals.com.co\/index.php\/wp-json\/wp\/v2\/media?parent=1718"}],"wp:term":[{"taxonomy":"product_cat","embeddable":true,"href":"https:\/\/biomedicals.com.co\/index.php\/wp-json\/wp\/v2\/product_cat?post=1718"},{"taxonomy":"product_tag","embeddable":true,"href":"https:\/\/biomedicals.com.co\/index.php\/wp-json\/wp\/v2\/product_tag?post=1718"}],"curies":[{"name":"wp","href":"https:\/\/api.w.org\/{rel}","templated":true}]}}