{"id":1750,"date":"2023-06-14T14:26:24","date_gmt":"2023-06-14T19:26:24","guid":{"rendered":"https:\/\/biomedicals.com.co\/?post_type=product&#038;p=1750"},"modified":"2023-09-10T10:57:54","modified_gmt":"2023-09-10T15:57:54","slug":"lampara-de-fotocurado-woodpecker-o-ligth-max","status":"publish","type":"product","link":"https:\/\/biomedicals.com.co\/index.php\/producto\/lampara-de-fotocurado-woodpecker-o-ligth-max\/","title":{"rendered":"Lampara de Fotocurado Woodpecker &#8211; O light MAX"},"content":{"rendered":"<p><strong>Ventajas<\/strong><\/p>\n<ul>\n<li>Dos modos de trabajo: Alto, Normal.<\/li>\n<li>Ajuste de tiempo Alto: 1S, 3S \u2013 Normal: 5S, 10S, 15S, 20S.<\/li>\n<li>Intensidad de luz constante.<\/li>\n<li>El efecto de solidificaci\u00f3n no se ve afectado por el consumo de energ\u00eda restante.<\/li>\n<li>Bater\u00eda de litio de gran capacidad.<\/li>\n<li>La fuente energ\u00eda es alimentada por la bater\u00eda recargable.<\/li>\n<li>La bater\u00eda tiene sobretensi\u00f3n, protecci\u00f3n contra sobre corriente y cortocircuito.<\/li>\n<li>LED de luz azul de alta intensidad 1000-2500 mw\/cm2<\/li>\n<li>Longitud de onda: 385nm-515nm (luz azul).<\/li>\n<li>Se puede usar una carga completa durante m\u00e1s de 400 veces seguidas en un nodo de tiempo de trabajo de 10 segundos.<\/li>\n<li>Tama\u00f1o: 268.8mm x 26.1mm x 31.8mm<\/li>\n<li>Peso neto: 259g<\/li>\n<\/ul>\n<p><strong>Presentaci\u00f3n<\/strong><\/p>\n<ul>\n<li>1 Unidad principal del LED<\/li>\n<li>1 Campana de luz<\/li>\n<li>1 Adaptador<\/li>\n<\/ul>\n","protected":false},"excerpt":{"rendered":"<p>La luz de curado adopta el principio de radiaci\u00f3n de rayos para solidificar la resina sensible a la luz disparada por poco tiempo.<\/p>\n<p>Este producto se utiliza para odontolog\u00eda.\u00a0Tiene la funci\u00f3n de acelerar el material de curado de restauraci\u00f3n dental.<\/p>\n<p>La l\u00e1mpara de curado (odontolog\u00eda) est\u00e1 compuesta principalmente por LED, cubierta de luz, base de carga, bater\u00eda, adaptador, unidad principal.<\/p>\n","protected":false},"featured_media":4147,"comment_status":"open","ping_status":"closed","template":"","meta":[],"product_cat":[58],"product_tag":[],"acf":[],"aioseo_notices":[],"_links":{"self":[{"href":"https:\/\/biomedicals.com.co\/index.php\/wp-json\/wp\/v2\/product\/1750"}],"collection":[{"href":"https:\/\/biomedicals.com.co\/index.php\/wp-json\/wp\/v2\/product"}],"about":[{"href":"https:\/\/biomedicals.com.co\/index.php\/wp-json\/wp\/v2\/types\/product"}],"replies":[{"embeddable":true,"href":"https:\/\/biomedicals.com.co\/index.php\/wp-json\/wp\/v2\/comments?post=1750"}],"wp:featuredmedia":[{"embeddable":true,"href":"https:\/\/biomedicals.com.co\/index.php\/wp-json\/wp\/v2\/media\/4147"}],"wp:attachment":[{"href":"https:\/\/biomedicals.com.co\/index.php\/wp-json\/wp\/v2\/media?parent=1750"}],"wp:term":[{"taxonomy":"product_cat","embeddable":true,"href":"https:\/\/biomedicals.com.co\/index.php\/wp-json\/wp\/v2\/product_cat?post=1750"},{"taxonomy":"product_tag","embeddable":true,"href":"https:\/\/biomedicals.com.co\/index.php\/wp-json\/wp\/v2\/product_tag?post=1750"}],"curies":[{"name":"wp","href":"https:\/\/api.w.org\/{rel}","templated":true}]}}