{"id":1752,"date":"2023-06-14T14:27:21","date_gmt":"2023-06-14T19:27:21","guid":{"rendered":"https:\/\/biomedicals.com.co\/?post_type=product&#038;p=1752"},"modified":"2023-09-10T10:50:25","modified_gmt":"2023-09-10T15:50:25","slug":"lampara-de-fotocurado-woodpecker-inalambrica-led-d","status":"publish","type":"product","link":"https:\/\/biomedicals.com.co\/index.php\/producto\/lampara-de-fotocurado-woodpecker-inalambrica-led-d\/","title":{"rendered":"L\u00e1mpara de Fotocurado Woodpecker &#8211; LED.D"},"content":{"rendered":"<p>La LED.D es una l\u00e1mpara de polimerizaci\u00f3n, con una intensidad m\u00e1xima de 1.700 Mw\/cm\u00b2 de luz azul constante, que no pierde poder de fotocurado cuando la bater\u00eda se est\u00e1 agotando.<\/p>\n<p>Puede ser utilizada sin cable, o con cable mientras la bater\u00eda se est\u00e1 cargando, y \u00e9sta puede ser reemplazada al final de su vida \u00fatil.<\/p>\n<p>La bater\u00eda cargada totalmente dura hasta 400 usos de 10 segundos.<\/p>\n<p><b>Dispone de 3 programas: <\/b>Total, rampa y pulsaciones, y tiene hasta 8 tiempos de aplicaci\u00f3n seg\u00fan las necesidades del composite.<\/p>\n<p><b>\u00a0<\/b><b>Caracter\u00edsticas:<\/b><\/p>\n<ul>\n<li><b>Dimensiones: <\/b>202mm\u00d732mm\u00d738mm.<\/li>\n<li><b>Peso: <\/b>143g.<\/li>\n<li><b>Alimentaci\u00f3n: <\/b>bater\u00eda recargable.<\/li>\n<li><b>Voltaje y capacidad de la bater\u00eda:\u00a0 <\/b>3.7V \/ 1400mAh . La bater\u00eda tiene protecci\u00f3n contra sobrecargas.<\/li>\n<li><b>Voltaje del transformador: <\/b>CA100V a 240V ~ 50Hz \/ 60Hz .<\/li>\n<li><b>Potencia de salida:\u00a0 <\/b>DC5.0V\/1A .<\/li>\n<li><b>Longitud de onda:<\/b> 440nm-490nm.<\/li>\n<li><b>Intensidad: <\/b>1000mW \/ cm2 ~ 1700mW \/ cm2 .<\/li>\n<li><b>3 programas:<\/b> Total, Rampa y Pulsaciones.<\/li>\n<li><b>Tiempos programables: <\/b>5s, 10s, 15s, 20s, 25s, 30s, 35s y 40s.<\/li>\n<\/ul>\n","protected":false},"excerpt":{"rendered":"<p>La LED.D es una l\u00e1mpara sencilla pero muy eficaz y c\u00f3moda ya que incluye una base para apoyarla.<\/p>\n","protected":false},"featured_media":4144,"comment_status":"open","ping_status":"closed","template":"","meta":[],"product_cat":[58],"product_tag":[],"acf":[],"aioseo_notices":[],"_links":{"self":[{"href":"https:\/\/biomedicals.com.co\/index.php\/wp-json\/wp\/v2\/product\/1752"}],"collection":[{"href":"https:\/\/biomedicals.com.co\/index.php\/wp-json\/wp\/v2\/product"}],"about":[{"href":"https:\/\/biomedicals.com.co\/index.php\/wp-json\/wp\/v2\/types\/product"}],"replies":[{"embeddable":true,"href":"https:\/\/biomedicals.com.co\/index.php\/wp-json\/wp\/v2\/comments?post=1752"}],"wp:featuredmedia":[{"embeddable":true,"href":"https:\/\/biomedicals.com.co\/index.php\/wp-json\/wp\/v2\/media\/4144"}],"wp:attachment":[{"href":"https:\/\/biomedicals.com.co\/index.php\/wp-json\/wp\/v2\/media?parent=1752"}],"wp:term":[{"taxonomy":"product_cat","embeddable":true,"href":"https:\/\/biomedicals.com.co\/index.php\/wp-json\/wp\/v2\/product_cat?post=1752"},{"taxonomy":"product_tag","embeddable":true,"href":"https:\/\/biomedicals.com.co\/index.php\/wp-json\/wp\/v2\/product_tag?post=1752"}],"curies":[{"name":"wp","href":"https:\/\/api.w.org\/{rel}","templated":true}]}}