{"id":1754,"date":"2023-06-14T14:28:19","date_gmt":"2023-06-14T19:28:19","guid":{"rendered":"https:\/\/biomedicals.com.co\/?post_type=product&#038;p=1754"},"modified":"2023-09-10T10:42:11","modified_gmt":"2023-09-10T15:42:11","slug":"lampara-fotocurado-inalambrica-woodpecker-dte-led-f","status":"publish","type":"product","link":"https:\/\/biomedicals.com.co\/index.php\/producto\/lampara-fotocurado-inalambrica-woodpecker-dte-led-f\/","title":{"rendered":"L\u00e1mpara de Fotocurado  Woodpecker &#8211; LED F"},"content":{"rendered":"<p>L\u00e1mpara LED de uso dental que emite una luz azul con longitud de onda entre 420nm \u2013 480nm, que endurece o activa los materiales odontol\u00f3gicos seg\u00fan las instrucciones de uso suministradas por sus fabricantes.<\/p>\n<p>Digitalmente controlado, el seguimiento de frecuencia asegura que la m\u00e1quina siempre trabaje en la mejor frecuencia y constantemente.<\/p>\n<ul>\n<li>Peque\u00f1a ,Liviana y f\u00e1cil de operar.<\/li>\n<li>Inal\u00e1mbrica.<\/li>\n<li>La bater\u00eda recargable puede ser reemplazada<\/li>\n<li>Autoventilada<\/li>\n<li>Pantalla LED policrom\u00e1tica. Visible de todos los \u00e1ngulos.<\/li>\n<li>Memoria autom\u00e1tica. Evita la programaci\u00f3n frecuentemente.<\/li>\n<li>Dise\u00f1o ergon\u00f3mico, operaci\u00f3n m\u00e1s confortable.<\/li>\n<\/ul>\n<p><strong>Tres modos de trabajo:<\/strong><\/p>\n<ul>\n<li>modo turbo 1600 mw\/cm2 \u2013 1800 mw\/cm2<\/li>\n<li>modo normal 1000 mw\/cm2 \u2013 1200 mw\/cm2<\/li>\n<li>modo bajo 400 mw\/cm2 \u2013 500 mw\/cm2<\/li>\n<\/ul>\n<p>Salida de luz estable, el efecto de solidificaci\u00f3n no es afectado por el consumo de energ\u00eda restante.<\/p>\n<p>Peso: 143 gr<\/p>\n<p>Transferencia eficiente desde la electricidad a la luz. Con carga total puede ser usada por m\u00e1s de 250 veces continuamente.<\/p>\n<p>&nbsp;<\/p>\n","protected":false},"excerpt":{"rendered":"<p>&nbsp;<\/p>\n<p>L\u00e1mpara LED de Fotocurado. C\u00f3moda de utilizar por ser silenciosa y ligera , adem\u00e1s de f\u00e1cil de manejar. Con pantalla LCD a color y pantalla OLED para conseguir una mejor visibilidad desde todos los \u00e1ngulos.<\/p>\n","protected":false},"featured_media":4142,"comment_status":"open","ping_status":"closed","template":"","meta":[],"product_cat":[58],"product_tag":[],"acf":[],"aioseo_notices":[],"_links":{"self":[{"href":"https:\/\/biomedicals.com.co\/index.php\/wp-json\/wp\/v2\/product\/1754"}],"collection":[{"href":"https:\/\/biomedicals.com.co\/index.php\/wp-json\/wp\/v2\/product"}],"about":[{"href":"https:\/\/biomedicals.com.co\/index.php\/wp-json\/wp\/v2\/types\/product"}],"replies":[{"embeddable":true,"href":"https:\/\/biomedicals.com.co\/index.php\/wp-json\/wp\/v2\/comments?post=1754"}],"wp:featuredmedia":[{"embeddable":true,"href":"https:\/\/biomedicals.com.co\/index.php\/wp-json\/wp\/v2\/media\/4142"}],"wp:attachment":[{"href":"https:\/\/biomedicals.com.co\/index.php\/wp-json\/wp\/v2\/media?parent=1754"}],"wp:term":[{"taxonomy":"product_cat","embeddable":true,"href":"https:\/\/biomedicals.com.co\/index.php\/wp-json\/wp\/v2\/product_cat?post=1754"},{"taxonomy":"product_tag","embeddable":true,"href":"https:\/\/biomedicals.com.co\/index.php\/wp-json\/wp\/v2\/product_tag?post=1754"}],"curies":[{"name":"wp","href":"https:\/\/api.w.org\/{rel}","templated":true}]}}