{"id":1758,"date":"2023-06-14T14:30:40","date_gmt":"2023-06-14T19:30:40","guid":{"rendered":"https:\/\/biomedicals.com.co\/?post_type=product&#038;p=1758"},"modified":"2023-09-10T10:33:48","modified_gmt":"2023-09-10T15:33:48","slug":"lampara-inalambrica-woodpecker-led-e-lux","status":"publish","type":"product","link":"https:\/\/biomedicals.com.co\/index.php\/producto\/lampara-inalambrica-woodpecker-led-e-lux\/","title":{"rendered":"L\u00e1mpara de Fotocurado Woodpecker &#8211; Led E"},"content":{"rendered":"<h5><strong>CARACTERISTICAS:\u00a0<\/strong><\/h5>\n<p>Inal\u00e1mbrica.<\/p>\n<p>La bater\u00eda puede ser reemplazada.<\/p>\n<p><strong>Tres modos de trabajo:<\/strong><\/p>\n<ul>\n<li>Poder Alto:\u00a0 con una intensidad de 1400-1600 mw\/cm2.<\/li>\n<li>Poder Medio:\u00a0 con una intensidad de 1000-1200 mw\/cm2.<\/li>\n<li>Poder Bajo: con una intensidad de 800-1000 mw\/cm2.<\/li>\n<\/ul>\n<p>&nbsp;<\/p>\n<p><strong>Intensidad de luz:<\/strong> 800mW\/cm2 ~ 1600mW\/cm2<\/p>\n<p><strong>Tiempo de ajuste:<\/strong> 5s, 10s, 15s y 20s.<\/p>\n<p><strong> Larga capacidad de la bater\u00eda:<\/strong> Con carga completa puede ser usada m\u00e1s de 400 veces continuamente bajo 10s de tiempo de trabajo. Bajo consumo de energ\u00eda de reserva con cuarenta d\u00edas en espera.<\/p>\n<p>Salida de luz estable, el efecto de solidificaci\u00f3n no es afectado por el consumo de energ\u00eda restante.<\/p>\n<p>Liviana solo 141 grs de peso.<\/p>\n<p>Mandos de operaci\u00f3n digitales. Medidor en la base para validar la carga de la unidad<\/p>\n","protected":false},"excerpt":{"rendered":"<p>Lampara woodpecker\u00a0 DTE LUX E plus, Es una l\u00e1mpara muy ergon\u00f3mica, inal\u00e1mbrica, duradera, ligera y de f\u00e1cil limpieza.<\/p>\n","protected":false},"featured_media":4138,"comment_status":"open","ping_status":"closed","template":"","meta":[],"product_cat":[58],"product_tag":[],"acf":[],"aioseo_notices":[],"_links":{"self":[{"href":"https:\/\/biomedicals.com.co\/index.php\/wp-json\/wp\/v2\/product\/1758"}],"collection":[{"href":"https:\/\/biomedicals.com.co\/index.php\/wp-json\/wp\/v2\/product"}],"about":[{"href":"https:\/\/biomedicals.com.co\/index.php\/wp-json\/wp\/v2\/types\/product"}],"replies":[{"embeddable":true,"href":"https:\/\/biomedicals.com.co\/index.php\/wp-json\/wp\/v2\/comments?post=1758"}],"wp:featuredmedia":[{"embeddable":true,"href":"https:\/\/biomedicals.com.co\/index.php\/wp-json\/wp\/v2\/media\/4138"}],"wp:attachment":[{"href":"https:\/\/biomedicals.com.co\/index.php\/wp-json\/wp\/v2\/media?parent=1758"}],"wp:term":[{"taxonomy":"product_cat","embeddable":true,"href":"https:\/\/biomedicals.com.co\/index.php\/wp-json\/wp\/v2\/product_cat?post=1758"},{"taxonomy":"product_tag","embeddable":true,"href":"https:\/\/biomedicals.com.co\/index.php\/wp-json\/wp\/v2\/product_tag?post=1758"}],"curies":[{"name":"wp","href":"https:\/\/api.w.org\/{rel}","templated":true}]}}