{"id":1779,"date":"2023-06-14T14:51:11","date_gmt":"2023-06-14T19:51:11","guid":{"rendered":"https:\/\/biomedicals.com.co\/?post_type=product&#038;p=1779"},"modified":"2023-09-10T12:20:52","modified_gmt":"2023-09-10T17:20:52","slug":"micromotor-electrico-marathon-champion-e-type-m33-e","status":"publish","type":"product","link":"https:\/\/biomedicals.com.co\/index.php\/producto\/micromotor-electrico-marathon-champion-e-type-m33-e\/","title":{"rendered":"Micromotor El\u00e9ctrico"},"content":{"rendered":"<p><strong>Marathon Champion E-Type M33-E<\/strong><\/p>\n<p>Micromotor el\u00e9ctrico de 35.000 rpm con pieza de mano tipo E que permite colocar punta recta de micromotor o contra-\u00e1ngulo \u00a0odontol\u00f3gico tradicional<\/p>\n<p><strong>USOS Y APLICACIONES EN LABORATORIO:<br \/>\n<\/strong>\u2013 Pulido de dientes en acr\u00edlico, provisionales, placas bases, cucharillas individuales<br \/>\n\u2013 Recorte de yeso<br \/>\n\u2013 Creaci\u00f3n de muescas en modelos dentales<br \/>\n\u2013 Pulido de restauraciones met\u00e1licas con aditamentos especiales<br \/>\n\u2013 Otros usos en odontolog\u00eda de laboratorio<br \/>\n\u2013 Usos en Joyer\u00eda, Pedicura e industria de belleza<br \/>\n\u2013 Pulido de madera, huevo y otros materiales.<\/p>\n<p><strong>ESPECIFICACIONES MARATHON 3 CHAMPION:<br \/>\n<\/strong>\u2013 Variador de velocidad: 0-35000 rpm<br \/>\n\u2013 Torque: 300gf-CM<br \/>\n\u2013 Cubierta protectora de pl\u00e1stico resistente.<br \/>\n\u2013 Caja de control compacta con marcha y contramarcha.<br \/>\n\u2013 Peso: 1.23 Kg<br \/>\n\u2013 Tama\u00f1o: A118mm x L156mm x 78mm<br \/>\n\u2013 Fuente de Alimentaci\u00f3n: Bivolt 110\/220v, 50\/60 Hz<\/p>\n","protected":false},"excerpt":{"rendered":"<p>Es un equipo completamente pr\u00e1ctico y vers\u00e1til con variaci\u00f3n de velocidad con control manual, interruptor de pie (on\/off) e interruptor para cambio de direcci\u00f3n. Tiene aplicaciones para uso odontol\u00f3gico en laboratorio cl\u00ednico, as\u00ed como diferentes usos en distintas \u00e1reas como pedicura, hobbies, industria de belleza entre otros<\/p>\n","protected":false},"featured_media":4157,"comment_status":"open","ping_status":"closed","template":"","meta":[],"product_cat":[60],"product_tag":[],"acf":[],"aioseo_notices":[],"_links":{"self":[{"href":"https:\/\/biomedicals.com.co\/index.php\/wp-json\/wp\/v2\/product\/1779"}],"collection":[{"href":"https:\/\/biomedicals.com.co\/index.php\/wp-json\/wp\/v2\/product"}],"about":[{"href":"https:\/\/biomedicals.com.co\/index.php\/wp-json\/wp\/v2\/types\/product"}],"replies":[{"embeddable":true,"href":"https:\/\/biomedicals.com.co\/index.php\/wp-json\/wp\/v2\/comments?post=1779"}],"wp:featuredmedia":[{"embeddable":true,"href":"https:\/\/biomedicals.com.co\/index.php\/wp-json\/wp\/v2\/media\/4157"}],"wp:attachment":[{"href":"https:\/\/biomedicals.com.co\/index.php\/wp-json\/wp\/v2\/media?parent=1779"}],"wp:term":[{"taxonomy":"product_cat","embeddable":true,"href":"https:\/\/biomedicals.com.co\/index.php\/wp-json\/wp\/v2\/product_cat?post=1779"},{"taxonomy":"product_tag","embeddable":true,"href":"https:\/\/biomedicals.com.co\/index.php\/wp-json\/wp\/v2\/product_tag?post=1779"}],"curies":[{"name":"wp","href":"https:\/\/api.w.org\/{rel}","templated":true}]}}