{"id":1805,"date":"2023-06-14T16:04:06","date_gmt":"2023-06-14T21:04:06","guid":{"rendered":"https:\/\/biomedicals.com.co\/?post_type=product&#038;p=1805"},"modified":"2023-09-10T12:42:46","modified_gmt":"2023-09-10T17:42:46","slug":"pieza-de-mano-nsk-dynaled-m500lg-b2","status":"publish","type":"product","link":"https:\/\/biomedicals.com.co\/index.php\/producto\/pieza-de-mano-nsk-dynaled-m500lg-b2\/","title":{"rendered":"Pieza de Mano NSK- DYNALED M500LG B2"},"content":{"rendered":"<p>El Portafresas Push Botton es el mecanismo original NSK de Portafresas Push Botton pulsador que tensiona la empu\u00f1adura de la fresa durante la rotaci\u00f3n. Permite insertar y extraer la fresa con un solo toque y sin herramientas. El mecanismo de bloqueo de la fresa est\u00e1 dise\u00f1ado de modo que la resistencia de la sujeci\u00f3n aumenta cuando se aplican cargas elevadas a la fresa.<\/p>\n<p>&nbsp;<\/p>\n<p><strong>ESPECIFICACIONES:<br \/>\n<\/strong>\u2013 Cabezal Miniatura<br \/>\n\u2013 Acero Inoxidable.<br \/>\n\u2013 Sonido:\u00a0<i>\u226465dB<\/i><br \/>\n\u2013 Potencia: 16W<br \/>\n\u2013 Press-Button (PB)<br \/>\n\u2013 Rotaci\u00f3n M\u00e1xima: 330.000~430.000 min<sup>-1<br \/>\n<\/sup>\u2013 Tama\u00f1o de Cabezal: \u00d8 12,1 mm x Al 13,3 mm<br \/>\n\u2013 Esterilizable en autoclave a 134\u00b0C<\/p>\n<p><b>CARACTER\u00cdSTICAS:<br \/>\n<\/b>1.\u00d3ptica de Vidrio Celular (LED)<br \/>\n2. Cuerpo de Acero Inoxidable<br \/>\n3. Rodamientos de cer\u00e1mica<br \/>\n4. Sistema de cabezal limpio<br \/>\n5. Portafresas Push Button<\/p>\n","protected":false},"excerpt":{"rendered":"<p>Las nuevas Turbinas DynaLED producidas por la micro ingenier\u00eda de NSK, dan un alto rendimiento y fiabilidad. Estas innovadoras turbinas llevan integrado un mini generador de energ\u00eda, que ofrece una gran calidad de iluminaci\u00f3n LED (luz diurna) cuando se conecta a cualquier manguera de sill\u00f3n dental sin luz. Los profesionales odont\u00f3logos pueden obtener inmediatamente las ventajas de luz Led en su equipo solamente conectando la nueva turbina de NSK DynaLED.<br \/>\nLas Nuevas turbinas DynaLED de NSK realizadas en Acero Inoxidable otorgan al instrumento rotatorio una gran estabilidad y durabilidad.<\/p>\n","protected":false},"featured_media":4161,"comment_status":"open","ping_status":"closed","template":"","meta":[],"product_cat":[61],"product_tag":[],"acf":[],"aioseo_notices":[],"_links":{"self":[{"href":"https:\/\/biomedicals.com.co\/index.php\/wp-json\/wp\/v2\/product\/1805"}],"collection":[{"href":"https:\/\/biomedicals.com.co\/index.php\/wp-json\/wp\/v2\/product"}],"about":[{"href":"https:\/\/biomedicals.com.co\/index.php\/wp-json\/wp\/v2\/types\/product"}],"replies":[{"embeddable":true,"href":"https:\/\/biomedicals.com.co\/index.php\/wp-json\/wp\/v2\/comments?post=1805"}],"wp:featuredmedia":[{"embeddable":true,"href":"https:\/\/biomedicals.com.co\/index.php\/wp-json\/wp\/v2\/media\/4161"}],"wp:attachment":[{"href":"https:\/\/biomedicals.com.co\/index.php\/wp-json\/wp\/v2\/media?parent=1805"}],"wp:term":[{"taxonomy":"product_cat","embeddable":true,"href":"https:\/\/biomedicals.com.co\/index.php\/wp-json\/wp\/v2\/product_cat?post=1805"},{"taxonomy":"product_tag","embeddable":true,"href":"https:\/\/biomedicals.com.co\/index.php\/wp-json\/wp\/v2\/product_tag?post=1805"}],"curies":[{"name":"wp","href":"https:\/\/api.w.org\/{rel}","templated":true}]}}