{"id":1839,"date":"2023-06-14T16:53:01","date_gmt":"2023-06-14T21:53:01","guid":{"rendered":"https:\/\/biomedicals.com.co\/?post_type=product&#038;p=1839"},"modified":"2024-04-04T11:00:01","modified_gmt":"2024-04-04T16:00:01","slug":"cabezote-lampara-para-unidad-odontologica-halogena","status":"publish","type":"product","link":"https:\/\/biomedicals.com.co\/index.php\/producto\/cabezote-lampara-para-unidad-odontologica-halogena\/","title":{"rendered":"Cabezote L\u00e1mpara Para Unidad Odontol\u00f3gica Hal\u00f3gena"},"content":{"rendered":"<p><span style=\"font-weight: 400;\">REF. DEL PRODUCTO: R0006<\/span><\/p>\n<p><b>Cabezote L\u00e1mpara para unidad odontol\u00f3gica hal\u00f3gena<\/b><\/p>\n","protected":false},"excerpt":{"rendered":"<p><span style=\"font-weight: 400;\">REF. DEL PRODUCTO: R0006<\/span><\/p>\n<p><b>Cabezote L\u00e1mpara para unidad odontol\u00f3gica hal\u00f3gena<\/b><\/p>\n","protected":false},"featured_media":4805,"comment_status":"open","ping_status":"closed","template":"","meta":[],"product_cat":[70],"product_tag":[],"acf":[],"aioseo_notices":[],"_links":{"self":[{"href":"https:\/\/biomedicals.com.co\/index.php\/wp-json\/wp\/v2\/product\/1839"}],"collection":[{"href":"https:\/\/biomedicals.com.co\/index.php\/wp-json\/wp\/v2\/product"}],"about":[{"href":"https:\/\/biomedicals.com.co\/index.php\/wp-json\/wp\/v2\/types\/product"}],"replies":[{"embeddable":true,"href":"https:\/\/biomedicals.com.co\/index.php\/wp-json\/wp\/v2\/comments?post=1839"}],"wp:featuredmedia":[{"embeddable":true,"href":"https:\/\/biomedicals.com.co\/index.php\/wp-json\/wp\/v2\/media\/4805"}],"wp:attachment":[{"href":"https:\/\/biomedicals.com.co\/index.php\/wp-json\/wp\/v2\/media?parent=1839"}],"wp:term":[{"taxonomy":"product_cat","embeddable":true,"href":"https:\/\/biomedicals.com.co\/index.php\/wp-json\/wp\/v2\/product_cat?post=1839"},{"taxonomy":"product_tag","embeddable":true,"href":"https:\/\/biomedicals.com.co\/index.php\/wp-json\/wp\/v2\/product_tag?post=1839"}],"curies":[{"name":"wp","href":"https:\/\/api.w.org\/{rel}","templated":true}]}}