{"id":1851,"date":"2023-06-14T17:22:27","date_gmt":"2023-06-14T22:22:27","guid":{"rendered":"https:\/\/biomedicals.com.co\/?post_type=product&#038;p=1851"},"modified":"2024-04-04T10:59:10","modified_gmt":"2024-04-04T15:59:10","slug":"filtro-de-agua-para-unidad-odontologica-o-scaler","status":"publish","type":"product","link":"https:\/\/biomedicals.com.co\/index.php\/producto\/filtro-de-agua-para-unidad-odontologica-o-scaler\/","title":{"rendered":"Filtro De Agua Para Unidad Odontologica O Scaler"},"content":{"rendered":"<p><span style=\"font-weight: 400;\">REF. DEL PRODUCTO: R0237<\/span><\/p>\n<p><b>Filtro de agua para unidad odontologica o scaler<\/b><\/p>\n<p><b>Impide el paso de part\u00edculas de arena o basura a la unidad odontol\u00f3gica , evitando el taponamiento de la red hidr\u00e1ulica<\/b><\/p>\n","protected":false},"excerpt":{"rendered":"<p><span style=\"font-weight: 400;\">REF. DEL PRODUCTO: R0237<\/span><\/p>\n<p><b>Filtro de agua para unidad odontologica o scaler<\/b><\/p>\n<p><b>Impide el paso de part\u00edculas de arena o basura a la unidad odontol\u00f3gica , evitando el taponamiento de la red hidr\u00e1ulica<\/b><\/p>\n","protected":false},"featured_media":4803,"comment_status":"open","ping_status":"closed","template":"","meta":[],"product_cat":[70],"product_tag":[],"acf":[],"aioseo_notices":[],"_links":{"self":[{"href":"https:\/\/biomedicals.com.co\/index.php\/wp-json\/wp\/v2\/product\/1851"}],"collection":[{"href":"https:\/\/biomedicals.com.co\/index.php\/wp-json\/wp\/v2\/product"}],"about":[{"href":"https:\/\/biomedicals.com.co\/index.php\/wp-json\/wp\/v2\/types\/product"}],"replies":[{"embeddable":true,"href":"https:\/\/biomedicals.com.co\/index.php\/wp-json\/wp\/v2\/comments?post=1851"}],"wp:featuredmedia":[{"embeddable":true,"href":"https:\/\/biomedicals.com.co\/index.php\/wp-json\/wp\/v2\/media\/4803"}],"wp:attachment":[{"href":"https:\/\/biomedicals.com.co\/index.php\/wp-json\/wp\/v2\/media?parent=1851"}],"wp:term":[{"taxonomy":"product_cat","embeddable":true,"href":"https:\/\/biomedicals.com.co\/index.php\/wp-json\/wp\/v2\/product_cat?post=1851"},{"taxonomy":"product_tag","embeddable":true,"href":"https:\/\/biomedicals.com.co\/index.php\/wp-json\/wp\/v2\/product_tag?post=1851"}],"curies":[{"name":"wp","href":"https:\/\/api.w.org\/{rel}","templated":true}]}}