{"id":1903,"date":"2023-06-14T18:16:42","date_gmt":"2023-06-14T23:16:42","guid":{"rendered":"https:\/\/biomedicals.com.co\/?post_type=product&#038;p=1903"},"modified":"2024-04-04T10:42:16","modified_gmt":"2024-04-04T15:42:16","slug":"motor-marca-megamat-aleman-150mm-para-sillon-electrico-unidades-odontologicas","status":"publish","type":"product","link":"https:\/\/biomedicals.com.co\/index.php\/producto\/motor-marca-megamat-aleman-150mm-para-sillon-electrico-unidades-odontologicas\/","title":{"rendered":"Motor Marca Megamat Aleman 150mm Para Sill\u00f3n El\u00e9ctrico Unidades Odontol\u00f3gicas"},"content":{"rendered":"<p><span style=\"font-weight: 400;\">REF. DEL PRODUCTO: R0149-1<\/span><\/p>\n<p><b>Motor actuador para base o espaldar de unidad odontol\u00f3gica<\/b><\/p>\n","protected":false},"excerpt":{"rendered":"<p><span style=\"font-weight: 400;\">REF. DEL PRODUCTO: R0149-1<\/span><\/p>\n<p><b>Motor actuador para base o espaldar de unidad odontol\u00f3gica<\/b><\/p>\n","protected":false},"featured_media":4790,"comment_status":"open","ping_status":"closed","template":"","meta":[],"product_cat":[70],"product_tag":[],"acf":[],"aioseo_notices":[],"_links":{"self":[{"href":"https:\/\/biomedicals.com.co\/index.php\/wp-json\/wp\/v2\/product\/1903"}],"collection":[{"href":"https:\/\/biomedicals.com.co\/index.php\/wp-json\/wp\/v2\/product"}],"about":[{"href":"https:\/\/biomedicals.com.co\/index.php\/wp-json\/wp\/v2\/types\/product"}],"replies":[{"embeddable":true,"href":"https:\/\/biomedicals.com.co\/index.php\/wp-json\/wp\/v2\/comments?post=1903"}],"wp:featuredmedia":[{"embeddable":true,"href":"https:\/\/biomedicals.com.co\/index.php\/wp-json\/wp\/v2\/media\/4790"}],"wp:attachment":[{"href":"https:\/\/biomedicals.com.co\/index.php\/wp-json\/wp\/v2\/media?parent=1903"}],"wp:term":[{"taxonomy":"product_cat","embeddable":true,"href":"https:\/\/biomedicals.com.co\/index.php\/wp-json\/wp\/v2\/product_cat?post=1903"},{"taxonomy":"product_tag","embeddable":true,"href":"https:\/\/biomedicals.com.co\/index.php\/wp-json\/wp\/v2\/product_tag?post=1903"}],"curies":[{"name":"wp","href":"https:\/\/api.w.org\/{rel}","templated":true}]}}