{"id":1907,"date":"2023-06-16T08:57:43","date_gmt":"2023-06-16T13:57:43","guid":{"rendered":"https:\/\/biomedicals.com.co\/?post_type=product&#038;p=1907"},"modified":"2024-04-04T10:41:33","modified_gmt":"2024-04-04T15:41:33","slug":"pedal-plastico-repuesto-para-scaler-o-modulo-unidad-odontologica-portatil","status":"publish","type":"product","link":"https:\/\/biomedicals.com.co\/index.php\/producto\/pedal-plastico-repuesto-para-scaler-o-modulo-unidad-odontologica-portatil\/","title":{"rendered":"Pedal Pl\u00e1stico Repuesto Para Scaler O Modulo Unidad Odontol\u00f3gica Port\u00e1til"},"content":{"rendered":"<p><span style=\"font-weight: 400;\">REF. DEL PRODUCTO: R0038<\/span><\/p>\n<p><b>Pedal pl\u00e1stico 15 A\/110 V repuesto para scaler o modulo unidad odontol\u00f3gica port\u00e1til<\/b><\/p>\n","protected":false},"excerpt":{"rendered":"<p><span style=\"font-weight: 400;\">REF. DEL PRODUCTO: R0038<\/span><\/p>\n<p><b>Pedal pl\u00e1stico 15 A\/110 V repuesto para scaler o modulo unidad odontol\u00f3gica port\u00e1til<\/b><\/p>\n","protected":false},"featured_media":4788,"comment_status":"open","ping_status":"closed","template":"","meta":[],"product_cat":[70],"product_tag":[],"acf":[],"aioseo_notices":[],"_links":{"self":[{"href":"https:\/\/biomedicals.com.co\/index.php\/wp-json\/wp\/v2\/product\/1907"}],"collection":[{"href":"https:\/\/biomedicals.com.co\/index.php\/wp-json\/wp\/v2\/product"}],"about":[{"href":"https:\/\/biomedicals.com.co\/index.php\/wp-json\/wp\/v2\/types\/product"}],"replies":[{"embeddable":true,"href":"https:\/\/biomedicals.com.co\/index.php\/wp-json\/wp\/v2\/comments?post=1907"}],"wp:featuredmedia":[{"embeddable":true,"href":"https:\/\/biomedicals.com.co\/index.php\/wp-json\/wp\/v2\/media\/4788"}],"wp:attachment":[{"href":"https:\/\/biomedicals.com.co\/index.php\/wp-json\/wp\/v2\/media?parent=1907"}],"wp:term":[{"taxonomy":"product_cat","embeddable":true,"href":"https:\/\/biomedicals.com.co\/index.php\/wp-json\/wp\/v2\/product_cat?post=1907"},{"taxonomy":"product_tag","embeddable":true,"href":"https:\/\/biomedicals.com.co\/index.php\/wp-json\/wp\/v2\/product_tag?post=1907"}],"curies":[{"name":"wp","href":"https:\/\/api.w.org\/{rel}","templated":true}]}}