{"id":2039,"date":"2023-06-16T15:40:29","date_gmt":"2023-06-16T20:40:29","guid":{"rendered":"https:\/\/biomedicals.com.co\/?post_type=product&#038;p=2039"},"modified":"2024-03-07T22:09:19","modified_gmt":"2024-03-08T03:09:19","slug":"unidad-odontologica-art-deko","status":"publish","type":"product","link":"https:\/\/biomedicals.com.co\/index.php\/producto\/unidad-odontologica-art-deko\/","title":{"rendered":"Unidad Odontol\u00f3gica Art Deko"},"content":{"rendered":"<div class=\"et_pb_slides\">\n<div class=\"et_pb_slide et_pb_slide_0 et_pb_bg_layout_dark et_pb_slide_with_image et_pb_media_alignment_center et-pb-active-slide\" data-slide-id=\"et_pb_slide_0\">\n<div class=\"et_pb_container clearfix\">\n<div class=\"et_pb_slider_container_inner\">\n<div class=\"et_pb_slide_description\">\n<div class=\"et_pb_slide_content\">\n<p><strong>CARACTERISTICAS:<\/strong><\/p>\n<p><strong>1. Base:<\/strong> Estructura est\u00e1ndar con m\u00f3dulo de abastos para conexiones externas.<\/p>\n<p><strong>2. Modulo:<\/strong> Campo de trabajo del profesional en odontolog\u00eda que consta de 3 servicios alta, baja y jeringa triple. En esta misma secci\u00f3n, se encuentra un panel digital (4 mandos) el cual permite la manipulaci\u00f3n del sill\u00f3n de la unidad.<\/p>\n<p>Sube y baja base.<br \/>\nSube y baja espaldar.<\/p>\n<p>Incluye: Bandeja met\u00e1lica en acero inoxidable quir\u00fargico.<\/p>\n<p><strong>3.<\/strong> Dispositivo sistema de succi\u00f3n (Escupidera):<\/p>\n<p>Cuenta con un eyector de baja accionado por reguladora.<br \/>\nlava taza accionado por reguladora su estructura est\u00e1 elaborada en aluminio con una taza en porcelana color blanco<\/p>\n<\/div>\n<\/div>\n<\/div>\n<\/div>\n<\/div>\n<\/div>\n<div class=\"et-pb-slider-arrows\"><\/div>\n","protected":false},"excerpt":{"rendered":"<p>Equipo con excelentes caracter\u00edsticas de funcionalidad , dise\u00f1o , calidad y ergonom\u00eda que permiten al odont\u00f3logo contar con tecnolog\u00eda , brindando confort y bienestar a sus pacientes<\/p>\n<p>Unidad el\u00e9ctrica con m\u00f3dulo de abastos externo<\/p>\n","protected":false},"featured_media":4736,"comment_status":"open","ping_status":"closed","template":"","meta":[],"product_cat":[71],"product_tag":[],"acf":[],"aioseo_notices":[],"_links":{"self":[{"href":"https:\/\/biomedicals.com.co\/index.php\/wp-json\/wp\/v2\/product\/2039"}],"collection":[{"href":"https:\/\/biomedicals.com.co\/index.php\/wp-json\/wp\/v2\/product"}],"about":[{"href":"https:\/\/biomedicals.com.co\/index.php\/wp-json\/wp\/v2\/types\/product"}],"replies":[{"embeddable":true,"href":"https:\/\/biomedicals.com.co\/index.php\/wp-json\/wp\/v2\/comments?post=2039"}],"wp:featuredmedia":[{"embeddable":true,"href":"https:\/\/biomedicals.com.co\/index.php\/wp-json\/wp\/v2\/media\/4736"}],"wp:attachment":[{"href":"https:\/\/biomedicals.com.co\/index.php\/wp-json\/wp\/v2\/media?parent=2039"}],"wp:term":[{"taxonomy":"product_cat","embeddable":true,"href":"https:\/\/biomedicals.com.co\/index.php\/wp-json\/wp\/v2\/product_cat?post=2039"},{"taxonomy":"product_tag","embeddable":true,"href":"https:\/\/biomedicals.com.co\/index.php\/wp-json\/wp\/v2\/product_tag?post=2039"}],"curies":[{"name":"wp","href":"https:\/\/api.w.org\/{rel}","templated":true}]}}