{"id":2043,"date":"2023-06-16T15:44:23","date_gmt":"2023-06-16T20:44:23","guid":{"rendered":"https:\/\/biomedicals.com.co\/?post_type=product&#038;p=2043"},"modified":"2024-03-07T21:57:41","modified_gmt":"2024-03-08T02:57:41","slug":"unidad-odontologica-electronica-led-gold","status":"publish","type":"product","link":"https:\/\/biomedicals.com.co\/index.php\/producto\/unidad-odontologica-electronica-led-gold\/","title":{"rendered":"Unidad Odontol\u00f3gica Electr\u00f3nica LED GOLD"},"content":{"rendered":"<p><span style=\"font-weight: 400;\">Unidad Odontol\u00f3gica Electr\u00f3nica\u00a0<\/span><\/p>\n<p><span style=\"font-weight: 400;\">Equipo con excelentes caracter\u00edsticas de funcionalidad , dise\u00f1o , calidad y ergonom\u00eda <\/span><span style=\"font-weight: 400;\"><br \/>\n<\/span><span style=\"font-weight: 400;\">que permiten al odont\u00f3logo contar con tecnolog\u00eda , brindando confort y bienestar a sus pacientes<\/span><\/p>\n","protected":false},"excerpt":{"rendered":"<div class=\"et_pb_module et_pb_text et_pb_text_6 et_pb_text_align_left et_pb_bg_layout_light et_had_animation\">\n<div class=\"et_pb_text_inner\">\n<p><strong>CARACTERISTICAS:<\/strong><\/p>\n<p>Unidad Full Equipo con conexiones internas<\/p>\n<\/div>\n<\/div>\n<div class=\"et_pb_module et_pb_text et_pb_text_7 et_pb_text_align_left et_pb_bg_layout_light et_had_animation\">\n<div class=\"et_pb_text_inner\">\n<p><b>1. Base:\u00a0<\/b>Estructura robusta de conexiones internas con pedal manos libres tipo Full .<\/p>\n<p><b>2. M\u00f3dulo:<\/b>\u00a0Campo de trabajo del profesional en odontolog\u00eda que consta de 5 servicios (2 de alta, 2 de baja y jeringa triple). En esta misma secci\u00f3n, se encuentra un panel digital (11 mandos) el cual permite la manipulaci\u00f3n del sill\u00f3n de la unidad<\/p>\n<ul>\n<li>Sube y baja base.<\/li>\n<li>Sube y baja espaldar.<\/li>\n<li>Posici\u00f3n cero o de descanso.<\/li>\n<li>Posici\u00f3n uno o de trabajo.<\/li>\n<li>Luz se enciende desde el m\u00f3dulo.<\/li>\n<li>Llena vaso y lava taza digitales.<\/li>\n<li>Eyector de baja y alta digitales.<\/li>\n<\/ul>\n<p>Incluye: Un (1) negatoscopio para periapicales, un negatoscopio grande para panor\u00e1micas y una bandeja met\u00e1lica en acero inoxidable quir\u00fargico<\/p>\n<p><strong>3. Dispositivo sistema de succi\u00f3n (Escupidera):<\/strong><\/p>\n<ul>\n<li>lava taza digital manejada desde el m\u00f3dulo, su estructura est\u00e1 elaborada en termo formado con una taza en vidrio templado color a elecci\u00f3n.<\/li>\n<\/ul>\n<p><strong>4. L\u00e1mpara:<\/strong>\u00a0Importada con luz led fr\u00eda blanca y amarilla de 8 focos con sensor en la parte posterior y panel digital donde se puede observar el nivel de iluminaci\u00f3n.\u00a0 Su funci\u00f3n es brindar luz led de dos intensidades\u00a0(alta y baja).<\/p>\n<p><strong>5. Sill\u00f3n:<\/strong>\u00a0Cuenta con un tapizado plastificado libre de costura de mayor confort, con espaldar ancho y dise\u00f1o ergon\u00f3mico, de brazos fijos y cabecera escualizable de doble articulaci\u00f3n para adultos y\/o ni\u00f1os. De igual forma, incluye un butaco ergon\u00f3mico elaborado en l\u00e1tex, espaldar reclinable o contacto para odont\u00f3logo y pist\u00f3n a gas. Adem\u00e1s, su estructura es cromada con rodachinas en goma antideslizante y aro descansa pies. Color a elecci\u00f3n.<\/p>\n<\/div>\n<\/div>\n","protected":false},"featured_media":4734,"comment_status":"open","ping_status":"closed","template":"","meta":[],"product_cat":[71],"product_tag":[],"acf":[],"aioseo_notices":[],"_links":{"self":[{"href":"https:\/\/biomedicals.com.co\/index.php\/wp-json\/wp\/v2\/product\/2043"}],"collection":[{"href":"https:\/\/biomedicals.com.co\/index.php\/wp-json\/wp\/v2\/product"}],"about":[{"href":"https:\/\/biomedicals.com.co\/index.php\/wp-json\/wp\/v2\/types\/product"}],"replies":[{"embeddable":true,"href":"https:\/\/biomedicals.com.co\/index.php\/wp-json\/wp\/v2\/comments?post=2043"}],"wp:featuredmedia":[{"embeddable":true,"href":"https:\/\/biomedicals.com.co\/index.php\/wp-json\/wp\/v2\/media\/4734"}],"wp:attachment":[{"href":"https:\/\/biomedicals.com.co\/index.php\/wp-json\/wp\/v2\/media?parent=2043"}],"wp:term":[{"taxonomy":"product_cat","embeddable":true,"href":"https:\/\/biomedicals.com.co\/index.php\/wp-json\/wp\/v2\/product_cat?post=2043"},{"taxonomy":"product_tag","embeddable":true,"href":"https:\/\/biomedicals.com.co\/index.php\/wp-json\/wp\/v2\/product_tag?post=2043"}],"curies":[{"name":"wp","href":"https:\/\/api.w.org\/{rel}","templated":true}]}}