{"id":2045,"date":"2023-06-16T15:45:49","date_gmt":"2023-06-16T20:45:49","guid":{"rendered":"https:\/\/biomedicals.com.co\/?post_type=product&#038;p=2045"},"modified":"2024-03-07T21:47:03","modified_gmt":"2024-03-08T02:47:03","slug":"unidad-odontologica-electronica-led","status":"publish","type":"product","link":"https:\/\/biomedicals.com.co\/index.php\/producto\/unidad-odontologica-electronica-led\/","title":{"rendered":"Unidad Odontol\u00f3gica Electr\u00f3nica  L.E.D"},"content":{"rendered":"<div class=\"et_pb_module et_pb_text et_pb_text_4 et_pb_text_align_left et_pb_bg_layout_light et_had_animation\">\n<div class=\"et_pb_text_inner\">\n<p><strong>Caracter\u00edsticas:\u00a0<\/strong><\/p>\n<p><b>1. Base: <\/b>Estructura abatible de conexiones internas con pedal manos libres tipo Full.<\/p>\n<\/div>\n<\/div>\n<div class=\"et_pb_module et_pb_text et_pb_text_5 et_pb_text_align_left et_pb_bg_layout_light et_had_animation\">\n<div class=\"et_pb_text_inner\">\n<p><b>2. M\u00f3dulo:<\/b>\u00a0Campo de trabajo del profesional en odontolog\u00eda que consta de 4 servicios (2 de alta, baja y jeringa triple). En esta misma secci\u00f3n, se encuentra un panel digital (5 mandos) el cual permite la manipulaci\u00f3n del sill\u00f3n de la unidad.<\/p>\n<ul>\n<li>Sube y baja base.<\/li>\n<li>Sube y baja espaldar.<\/li>\n<li>Sube y baja piecero.<\/li>\n<li>Luz se enciende desde el m\u00f3dulo.<\/li>\n<\/ul>\n<p>Incluye: Un (1) negatoscopio para periapicales y una bandeja met\u00e1lica en acero inoxidable quir\u00fargico.<\/p>\n<p><strong>3. Dispositivo sistema de succi\u00f3n (Escupidera):<\/strong><\/p>\n<ul>\n<li>Cuenta con un eyector de baja accionado por reguladora.<\/li>\n<li>Cuenta con un eyector de alta accionado por pedal re\u00f3stato.<\/li>\n<li>\u00a0lava taza accionado por reguladora, su estructura est\u00e1 elaborada en termo formado con una taza en vidrio templado color a elecci\u00f3n. Adem\u00e1s, de la opci\u00f3n del llena vaso por regulador con un tanque de reserva.<\/li>\n<\/ul>\n<p><b>4. L\u00e1mpara:\u00a0<\/b>Importada con luz led fr\u00eda de 6 focos con sensor en la parte posterior.\u00a0 Su funci\u00f3n es brindar luz led de dos intensidades (alta y baja).<br \/>\n<b>5. Sill\u00f3n:<\/b>\u00a0Cuenta con un tapizado plastificado libre de costura de mayor confort y dise\u00f1o ergon\u00f3mico, de brazos fijos y cabecera escualizable de doble articulaci\u00f3n para adultos y\/o ni\u00f1os. De igual forma, incluye un butaco con espaldar reclinable o contacto para odont\u00f3logo y pist\u00f3n a gas. Color seg\u00fan preferencia.<\/p>\n<\/div>\n<\/div>\n","protected":false},"excerpt":{"rendered":"<div class=\"et_pb_module et_pb_text et_pb_text_4 et_pb_text_align_left et_pb_bg_layout_light et_had_animation\">\n<div class=\"et_pb_text_inner\">\n<p><span style=\"font-weight: 400;\">Unidad Odontol\u00f3gica Electr\u00f3nica tres motores.\u00a0<\/span><\/p>\n<p><span style=\"font-weight: 400;\">Equipo con excelentes caracter\u00edsticas de funcionalidad , dise\u00f1o , calidad y ergonom\u00eda que permiten al odont\u00f3logo contar con tecnolog\u00eda , brindando confort y bienestar a sus pacientes<\/span><\/p>\n<\/div>\n<\/div>\n<div class=\"et_pb_module et_pb_text et_pb_text_5 et_pb_text_align_left et_pb_bg_layout_light et_had_animation\">\n<div class=\"et_pb_text_inner\">\n<p>&nbsp;<\/p>\n<\/div>\n<\/div>\n","protected":false},"featured_media":4732,"comment_status":"open","ping_status":"closed","template":"","meta":[],"product_cat":[71],"product_tag":[],"acf":[],"aioseo_notices":[],"_links":{"self":[{"href":"https:\/\/biomedicals.com.co\/index.php\/wp-json\/wp\/v2\/product\/2045"}],"collection":[{"href":"https:\/\/biomedicals.com.co\/index.php\/wp-json\/wp\/v2\/product"}],"about":[{"href":"https:\/\/biomedicals.com.co\/index.php\/wp-json\/wp\/v2\/types\/product"}],"replies":[{"embeddable":true,"href":"https:\/\/biomedicals.com.co\/index.php\/wp-json\/wp\/v2\/comments?post=2045"}],"wp:featuredmedia":[{"embeddable":true,"href":"https:\/\/biomedicals.com.co\/index.php\/wp-json\/wp\/v2\/media\/4732"}],"wp:attachment":[{"href":"https:\/\/biomedicals.com.co\/index.php\/wp-json\/wp\/v2\/media?parent=2045"}],"wp:term":[{"taxonomy":"product_cat","embeddable":true,"href":"https:\/\/biomedicals.com.co\/index.php\/wp-json\/wp\/v2\/product_cat?post=2045"},{"taxonomy":"product_tag","embeddable":true,"href":"https:\/\/biomedicals.com.co\/index.php\/wp-json\/wp\/v2\/product_tag?post=2045"}],"curies":[{"name":"wp","href":"https:\/\/api.w.org\/{rel}","templated":true}]}}