{"id":2150,"date":"2023-06-16T17:07:11","date_gmt":"2023-06-16T22:07:11","guid":{"rendered":"https:\/\/biomedicals.com.co\/?post_type=product&#038;p=2150"},"modified":"2023-08-09T13:26:16","modified_gmt":"2023-08-09T18:26:16","slug":"pinza-algodonera-superdent","status":"publish","type":"product","link":"https:\/\/biomedicals.com.co\/index.php\/producto\/pinza-algodonera-superdent\/","title":{"rendered":"Pinza Algodonera"},"content":{"rendered":"<p><span style=\"font-weight: 400;\">REF. DEL PRODUCTO: IO0003<\/span><\/p>\n<p><span style=\"font-weight: 400;\">Pinza Algodonera Superdent. Presentaci\u00f3n por Unidad. Instrumental en Acero Inoxidable.Los instrumentos de acero inoxidable deben secarse por completo antes de su utilizaci\u00f3n, a fin de evitar la existencia de corrosi\u00f3n u oxidaci\u00f3n<\/span><\/p>\n","protected":false},"excerpt":{"rendered":"<p><span style=\"font-weight: 400;\">REF. DEL PRODUCTO: IO0003<\/span><\/p>\n<p><span style=\"font-weight: 400;\">Pinza Algodonera Superdent. Presentaci\u00f3n por Unidad. Instrumental en Acero Inoxidable.Los instrumentos de acero inoxidable deben secarse por completo antes de su utilizaci\u00f3n, a fin de evitar la existencia de corrosi\u00f3n u oxidaci\u00f3n<\/span><\/p>\n","protected":false},"featured_media":2151,"comment_status":"open","ping_status":"closed","template":"","meta":[],"product_cat":[64],"product_tag":[],"acf":[],"aioseo_notices":[],"_links":{"self":[{"href":"https:\/\/biomedicals.com.co\/index.php\/wp-json\/wp\/v2\/product\/2150"}],"collection":[{"href":"https:\/\/biomedicals.com.co\/index.php\/wp-json\/wp\/v2\/product"}],"about":[{"href":"https:\/\/biomedicals.com.co\/index.php\/wp-json\/wp\/v2\/types\/product"}],"replies":[{"embeddable":true,"href":"https:\/\/biomedicals.com.co\/index.php\/wp-json\/wp\/v2\/comments?post=2150"}],"wp:featuredmedia":[{"embeddable":true,"href":"https:\/\/biomedicals.com.co\/index.php\/wp-json\/wp\/v2\/media\/2151"}],"wp:attachment":[{"href":"https:\/\/biomedicals.com.co\/index.php\/wp-json\/wp\/v2\/media?parent=2150"}],"wp:term":[{"taxonomy":"product_cat","embeddable":true,"href":"https:\/\/biomedicals.com.co\/index.php\/wp-json\/wp\/v2\/product_cat?post=2150"},{"taxonomy":"product_tag","embeddable":true,"href":"https:\/\/biomedicals.com.co\/index.php\/wp-json\/wp\/v2\/product_tag?post=2150"}],"curies":[{"name":"wp","href":"https:\/\/api.w.org\/{rel}","templated":true}]}}