{"id":3121,"date":"2023-08-08T15:51:24","date_gmt":"2023-08-08T20:51:24","guid":{"rendered":"https:\/\/biomedicals.com.co\/?post_type=product&#038;p=3121"},"modified":"2023-09-10T09:15:46","modified_gmt":"2023-09-10T14:15:46","slug":"radiovisiografo","status":"publish","type":"product","link":"https:\/\/biomedicals.com.co\/index.php\/producto\/radiovisiografo\/","title":{"rendered":"Radiovisiografo"},"content":{"rendered":"<p>&nbsp;<\/p>\n<p><b>i-Sensor- Woodpecker<\/b><\/p>\n<p>Registro Sanitario INVIMA: SI<\/p>\n<ul>\n<li>Im\u00e1genes de alta calidad, resistencia y durabilidad<\/li>\n<li aria-level=\"1\">Im\u00e1genes de alta resoluci\u00f3n: resoluci\u00f3n te\u00f3rica de 20 lp \/ mm.<\/li>\n<li aria-level=\"1\">Tecnolog\u00eda C Mos.<\/li>\n<li aria-level=\"1\">Sensor m\u00e1s delgado de 4,4 mm<\/li>\n<li aria-level=\"1\">Durable y confiable: 80000+ prueba de flexi\u00f3n y clasificaci\u00f3n de protecci\u00f3n IP68.<\/li>\n<li aria-level=\"1\">Software inteligente y potente.<\/li>\n<li aria-level=\"1\">Medidas externas : 30.4 mm x 41.9 mm x 4.4 mm.<\/li>\n<li aria-level=\"1\">Area Activa : 26 mm x 36 mm.<\/li>\n<li aria-level=\"1\">Bordes curvos para mayor comodidad del paciente.<\/li>\n<li aria-level=\"1\">Cable altamente flexible.<\/li>\n<li aria-level=\"1\">Tiene opci\u00f3n Twain. y funci\u00f3n de servidor.<\/li>\n<li aria-level=\"1\">Software con licencias ilimitadas. Instale en todas las computadoras que necesite.<\/li>\n<li aria-level=\"1\">I Sensor RVG sirve como una ayuda muy eficaz durante todo el proceso de diagn\u00f3stico, tratamiento y planificaci\u00f3n del tratamiento.<\/li>\n<li aria-level=\"1\">Software f\u00e1cil de usar, con mejoras en la eficiencia del flujo de trabajo.<\/li>\n<li aria-level=\"1\">Control de im\u00e1genes centralizado para todas las im\u00e1genes del paciente, Woodpecker i-Sensor gestiona todas las im\u00e1genes digitales, incluidas las radiograf\u00edas intra y extraorales, as\u00ed como las fotograf\u00edas intra y extraorales.<\/li>\n<li aria-level=\"1\">La marca confiable de Woodpecker ahora agrega la l\u00ednea RVG y el servicio a su cartera de im\u00e1genes, Woodpecker ha construido una reputaci\u00f3n estelar como marca cuyos productos se extienden con un s\u00f3lido linaje de excelencia en im\u00e1genes y gran desempe\u00f1o.<\/li>\n<li aria-level=\"1\">Una soluci\u00f3n ideal para las necesidades de im\u00e1genes intraorales, el sensor f\u00e1cil de usar permite a los usuarios capturar im\u00e1genes excepcionales de forma r\u00e1pida y sencilla.<\/li>\n<\/ul>\n<p><b>Requerimientos de PC:<\/b><\/p>\n<ul>\n<li>Procesador 1 Ghz.<\/li>\n<li>Memoria Ram 4 Gb.<\/li>\n<li>Disco duro HDD o SDD 64 Gb.<\/li>\n<li>Windows 7\/8\/10.<\/li>\n<\/ul>\n<p><strong>Presentaci\u00f3n:<\/strong><\/p>\n<ul>\n<li>1 Sensor<\/li>\n<li>1 Usb con software de instalaci\u00f3n<\/li>\n<li>Silicona protectora<\/li>\n<li>Pl\u00e1sticos protectores<\/li>\n<\/ul>\n<p>&nbsp;<\/p>\n","protected":false},"excerpt":{"rendered":"<p><span style=\"font-weight: 400;\">La imagenolog\u00eda intraoral intuitiva nunca ha sido tan econ\u00f3mica. i sensor rvg sirve como una ayuda muy eficaz durante todo el proceso de diagn\u00f3stico, tratamiento y planificaci\u00f3n. software f\u00e1cil de usar, con mejoras en la eficiencia del flujo de trabajo.<\/span><\/p>\n","protected":false},"featured_media":3122,"comment_status":"open","ping_status":"closed","template":"","meta":[],"product_cat":[57],"product_tag":[],"acf":[],"aioseo_notices":[],"_links":{"self":[{"href":"https:\/\/biomedicals.com.co\/index.php\/wp-json\/wp\/v2\/product\/3121"}],"collection":[{"href":"https:\/\/biomedicals.com.co\/index.php\/wp-json\/wp\/v2\/product"}],"about":[{"href":"https:\/\/biomedicals.com.co\/index.php\/wp-json\/wp\/v2\/types\/product"}],"replies":[{"embeddable":true,"href":"https:\/\/biomedicals.com.co\/index.php\/wp-json\/wp\/v2\/comments?post=3121"}],"wp:featuredmedia":[{"embeddable":true,"href":"https:\/\/biomedicals.com.co\/index.php\/wp-json\/wp\/v2\/media\/3122"}],"wp:attachment":[{"href":"https:\/\/biomedicals.com.co\/index.php\/wp-json\/wp\/v2\/media?parent=3121"}],"wp:term":[{"taxonomy":"product_cat","embeddable":true,"href":"https:\/\/biomedicals.com.co\/index.php\/wp-json\/wp\/v2\/product_cat?post=3121"},{"taxonomy":"product_tag","embeddable":true,"href":"https:\/\/biomedicals.com.co\/index.php\/wp-json\/wp\/v2\/product_tag?post=3121"}],"curies":[{"name":"wp","href":"https:\/\/api.w.org\/{rel}","templated":true}]}}