{"id":3127,"date":"2023-08-08T17:03:49","date_gmt":"2023-08-08T22:03:49","guid":{"rendered":"https:\/\/biomedicals.com.co\/?post_type=product&#038;p=3127"},"modified":"2023-09-10T11:04:05","modified_gmt":"2023-09-10T16:04:05","slug":"lavadora-ultrasonica-bioart","status":"publish","type":"product","link":"https:\/\/biomedicals.com.co\/index.php\/producto\/lavadora-ultrasonica-bioart\/","title":{"rendered":"Lavadora Ultras\u00f3nica BioArt"},"content":{"rendered":"<p>&nbsp;<\/p>\n<p>Lavadora BioWash <span style=\"font-weight: 400;\">aliada al detergente enzim\u00e1tico, posibilita la limpieza eficiente de los instrumentos cl\u00ednicos<\/span><\/p>\n<p><span style=\"font-weight: 400;\">MARCA: BIO-ART<\/span><span style=\"font-weight: 400;\"><br \/>\n<\/span><span style=\"font-weight: 400;\">MODELO: BIOWASH STD.\u00a0<\/span><\/p>\n<p><strong>CARACTER\u00cdSTICAS:<\/strong><br \/>\n\u2013 Tina con capacidad de 2,5 litros<br \/>\n\u2013 Timer decreciente para ajuste del tiempo de operaci\u00f3n<br \/>\n\u2013 Frecuencia del ultrasonido: 42Khz<br \/>\n\u2013 Timer pre-programado: 180s a 280s a 380s a 480s a 90s<br \/>\n\u2013 Fuerza de Limpieza: 160w<br \/>\n\u2013 Temperatura de calentamiento: ~65\u00b0C<br \/>\n\u2013 Sistema de calefacci\u00f3n<br \/>\n\u2013 Tama\u00f1o de la caja: 340 x 255 x 225 mm<br \/>\n\u2013 Tama\u00f1o del Tanque: 264 x 164 x 80 mm<br \/>\n\u2013 Dimensiones del embalaje: (CxLxH) 35x25x23 cm<br \/>\n\u2013 Material del Tanque: Acero Inoxidable<br \/>\n\u2013 Peso: 3,1 Kg.<br \/>\n\u2013 Suministrada con acero en pl\u00e1stico<\/p>\n","protected":false},"excerpt":{"rendered":"<p>Lavadora Ultras\u00f3nica aliada al detergente enzim\u00e1tico, posibilita la limpieza eficiente de los instrumentos cl\u00ednicos y\/o de otras \u00e1reas de actuaci\u00f3n tales como est\u00e9tica, podolog\u00eda y estudios de tatuaje \/ body-piercing. Act\u00faa principalmente en las \u00e1reas de dif\u00edcil acceso o lugares inaccesibles a las cerdas de los cepillos.<\/p>\n","protected":false},"featured_media":4149,"comment_status":"open","ping_status":"closed","template":"","meta":[],"product_cat":[59],"product_tag":[],"acf":[],"aioseo_notices":[],"_links":{"self":[{"href":"https:\/\/biomedicals.com.co\/index.php\/wp-json\/wp\/v2\/product\/3127"}],"collection":[{"href":"https:\/\/biomedicals.com.co\/index.php\/wp-json\/wp\/v2\/product"}],"about":[{"href":"https:\/\/biomedicals.com.co\/index.php\/wp-json\/wp\/v2\/types\/product"}],"replies":[{"embeddable":true,"href":"https:\/\/biomedicals.com.co\/index.php\/wp-json\/wp\/v2\/comments?post=3127"}],"wp:featuredmedia":[{"embeddable":true,"href":"https:\/\/biomedicals.com.co\/index.php\/wp-json\/wp\/v2\/media\/4149"}],"wp:attachment":[{"href":"https:\/\/biomedicals.com.co\/index.php\/wp-json\/wp\/v2\/media?parent=3127"}],"wp:term":[{"taxonomy":"product_cat","embeddable":true,"href":"https:\/\/biomedicals.com.co\/index.php\/wp-json\/wp\/v2\/product_cat?post=3127"},{"taxonomy":"product_tag","embeddable":true,"href":"https:\/\/biomedicals.com.co\/index.php\/wp-json\/wp\/v2\/product_tag?post=3127"}],"curies":[{"name":"wp","href":"https:\/\/api.w.org\/{rel}","templated":true}]}}