{"id":3146,"date":"2023-08-09T10:40:31","date_gmt":"2023-08-09T15:40:31","guid":{"rendered":"https:\/\/biomedicals.com.co\/?post_type=product&#038;p=3146"},"modified":"2023-08-09T10:40:32","modified_gmt":"2023-08-09T15:40:32","slug":"acople-rapido-para-cavitron-o-scaler-completo-h-m","status":"publish","type":"product","link":"https:\/\/biomedicals.com.co\/index.php\/producto\/acople-rapido-para-cavitron-o-scaler-completo-h-m\/","title":{"rendered":"Acople Rapido Para Cavitron O Scaler Completo H\/M"},"content":{"rendered":"<p><span style=\"font-weight: 400;\"><span style=\"vertical-align: inherit;\"><span style=\"vertical-align: inherit;\">Acople cavitron completo con retenci\u00f3n de fluidos accesorio para conexi\u00f3n y desconexi\u00f3n de un sistema de agua para cavitron<\/span><\/span><\/span><\/p>\n","protected":false},"excerpt":{"rendered":"<p><span style=\"font-weight: 400;\">Acople cavitron completo con retenci\u00f3n de fluidos accesorio para conexi\u00f3n y desconexi\u00f3n de un sistema de agua para cavitron<\/span><\/p>\n","protected":false},"featured_media":3147,"comment_status":"open","ping_status":"closed","template":"","meta":[],"product_cat":[70],"product_tag":[],"acf":[],"aioseo_notices":[],"_links":{"self":[{"href":"https:\/\/biomedicals.com.co\/index.php\/wp-json\/wp\/v2\/product\/3146"}],"collection":[{"href":"https:\/\/biomedicals.com.co\/index.php\/wp-json\/wp\/v2\/product"}],"about":[{"href":"https:\/\/biomedicals.com.co\/index.php\/wp-json\/wp\/v2\/types\/product"}],"replies":[{"embeddable":true,"href":"https:\/\/biomedicals.com.co\/index.php\/wp-json\/wp\/v2\/comments?post=3146"}],"wp:featuredmedia":[{"embeddable":true,"href":"https:\/\/biomedicals.com.co\/index.php\/wp-json\/wp\/v2\/media\/3147"}],"wp:attachment":[{"href":"https:\/\/biomedicals.com.co\/index.php\/wp-json\/wp\/v2\/media?parent=3146"}],"wp:term":[{"taxonomy":"product_cat","embeddable":true,"href":"https:\/\/biomedicals.com.co\/index.php\/wp-json\/wp\/v2\/product_cat?post=3146"},{"taxonomy":"product_tag","embeddable":true,"href":"https:\/\/biomedicals.com.co\/index.php\/wp-json\/wp\/v2\/product_tag?post=3146"}],"curies":[{"name":"wp","href":"https:\/\/api.w.org\/{rel}","templated":true}]}}