{"id":3168,"date":"2023-08-09T12:17:25","date_gmt":"2023-08-09T17:17:25","guid":{"rendered":"https:\/\/biomedicals.com.co\/?post_type=product&#038;p=3168"},"modified":"2024-04-04T09:38:44","modified_gmt":"2024-04-04T14:38:44","slug":"valvula-para-eyector-de-nylon","status":"publish","type":"product","link":"https:\/\/biomedicals.com.co\/index.php\/producto\/valvula-para-eyector-de-nylon\/","title":{"rendered":"V\u00e1lvula Para Eyectoy de Nylon"},"content":{"rendered":"<p>V\u00e1lvula para eyector de unidad\u00a0odontolog\u00eda, funciona por aire o agua.<br \/>\nTambi\u00e9n llamado Ventury de baja.<\/p>\n","protected":false},"excerpt":{"rendered":"<p><span style=\"font-weight: 400;\">V\u00e1lvula ventury o eyectora de baja, para succi\u00f3n, repuesto para equipos Odontol\u00f3gicos fabricaci\u00f3n nacional, en Nylon<\/span><\/p>\n","protected":false},"featured_media":3169,"comment_status":"open","ping_status":"closed","template":"","meta":[],"product_cat":[70],"product_tag":[],"acf":[],"aioseo_notices":[],"_links":{"self":[{"href":"https:\/\/biomedicals.com.co\/index.php\/wp-json\/wp\/v2\/product\/3168"}],"collection":[{"href":"https:\/\/biomedicals.com.co\/index.php\/wp-json\/wp\/v2\/product"}],"about":[{"href":"https:\/\/biomedicals.com.co\/index.php\/wp-json\/wp\/v2\/types\/product"}],"replies":[{"embeddable":true,"href":"https:\/\/biomedicals.com.co\/index.php\/wp-json\/wp\/v2\/comments?post=3168"}],"wp:featuredmedia":[{"embeddable":true,"href":"https:\/\/biomedicals.com.co\/index.php\/wp-json\/wp\/v2\/media\/3169"}],"wp:attachment":[{"href":"https:\/\/biomedicals.com.co\/index.php\/wp-json\/wp\/v2\/media?parent=3168"}],"wp:term":[{"taxonomy":"product_cat","embeddable":true,"href":"https:\/\/biomedicals.com.co\/index.php\/wp-json\/wp\/v2\/product_cat?post=3168"},{"taxonomy":"product_tag","embeddable":true,"href":"https:\/\/biomedicals.com.co\/index.php\/wp-json\/wp\/v2\/product_tag?post=3168"}],"curies":[{"name":"wp","href":"https:\/\/api.w.org\/{rel}","templated":true}]}}