{"id":3170,"date":"2023-08-09T13:31:49","date_gmt":"2023-08-09T18:31:49","guid":{"rendered":"https:\/\/biomedicals.com.co\/?post_type=product&#038;p=3170"},"modified":"2023-09-10T19:32:49","modified_gmt":"2023-09-11T00:32:49","slug":"exploradores","status":"publish","type":"product","link":"https:\/\/biomedicals.com.co\/index.php\/producto\/exploradores\/","title":{"rendered":"Exploradores"},"content":{"rendered":"<p>Fabricado en acero inoxidable de alta calidad, econ\u00f3mico y duradero, bordes de corte afilados y \u00e1ngulos consistentes, instrumento indicado en odontolog\u00eda para el diagn\u00f3stico dental.<\/p>\n","protected":false},"excerpt":{"rendered":"<p>Instrumento empleado para el examen cl\u00ednico del paciente, que permite descubrir cavidades cariosas<\/p>\n","protected":false},"featured_media":3171,"comment_status":"open","ping_status":"closed","template":"","meta":[],"product_cat":[64,63],"product_tag":[],"acf":[],"aioseo_notices":[],"_links":{"self":[{"href":"https:\/\/biomedicals.com.co\/index.php\/wp-json\/wp\/v2\/product\/3170"}],"collection":[{"href":"https:\/\/biomedicals.com.co\/index.php\/wp-json\/wp\/v2\/product"}],"about":[{"href":"https:\/\/biomedicals.com.co\/index.php\/wp-json\/wp\/v2\/types\/product"}],"replies":[{"embeddable":true,"href":"https:\/\/biomedicals.com.co\/index.php\/wp-json\/wp\/v2\/comments?post=3170"}],"wp:featuredmedia":[{"embeddable":true,"href":"https:\/\/biomedicals.com.co\/index.php\/wp-json\/wp\/v2\/media\/3171"}],"wp:attachment":[{"href":"https:\/\/biomedicals.com.co\/index.php\/wp-json\/wp\/v2\/media?parent=3170"}],"wp:term":[{"taxonomy":"product_cat","embeddable":true,"href":"https:\/\/biomedicals.com.co\/index.php\/wp-json\/wp\/v2\/product_cat?post=3170"},{"taxonomy":"product_tag","embeddable":true,"href":"https:\/\/biomedicals.com.co\/index.php\/wp-json\/wp\/v2\/product_tag?post=3170"}],"curies":[{"name":"wp","href":"https:\/\/api.w.org\/{rel}","templated":true}]}}