{"id":3174,"date":"2023-08-09T13:42:43","date_gmt":"2023-08-09T18:42:43","guid":{"rendered":"https:\/\/biomedicals.com.co\/?post_type=product&#038;p=3174"},"modified":"2023-09-10T13:40:29","modified_gmt":"2023-09-10T18:40:29","slug":"excavadores","status":"publish","type":"product","link":"https:\/\/biomedicals.com.co\/index.php\/producto\/excavadores\/","title":{"rendered":"Excavadores"},"content":{"rendered":"<p>Su uso principal es el de la retirada de dentina careada durante la preparaci\u00f3n de cavidades dentarias.<\/p>\n<h3>Caracter\u00edsticas:<\/h3>\n<ul>\n<li>Material: Acero Inoxidable.<\/li>\n<li>Esterilizable en autoclave.<\/li>\n<\/ul>\n<p>Diferentes referencias.<\/p>\n","protected":false},"excerpt":{"rendered":"<p>Tambi\u00e9n se les denomina cucharillas por su forma caracter\u00edstica. La hoja de una cucharilla es curva, y el borde cortante de la hoja tiene la forma de un semic\u00edrculo, esto le da al instrumento una convexidad externa y una concavidad interna que hace que este parezca una cuchara.<\/p>\n","protected":false},"featured_media":3175,"comment_status":"open","ping_status":"closed","template":"","meta":[],"product_cat":[64,63],"product_tag":[],"acf":[],"aioseo_notices":[],"_links":{"self":[{"href":"https:\/\/biomedicals.com.co\/index.php\/wp-json\/wp\/v2\/product\/3174"}],"collection":[{"href":"https:\/\/biomedicals.com.co\/index.php\/wp-json\/wp\/v2\/product"}],"about":[{"href":"https:\/\/biomedicals.com.co\/index.php\/wp-json\/wp\/v2\/types\/product"}],"replies":[{"embeddable":true,"href":"https:\/\/biomedicals.com.co\/index.php\/wp-json\/wp\/v2\/comments?post=3174"}],"wp:featuredmedia":[{"embeddable":true,"href":"https:\/\/biomedicals.com.co\/index.php\/wp-json\/wp\/v2\/media\/3175"}],"wp:attachment":[{"href":"https:\/\/biomedicals.com.co\/index.php\/wp-json\/wp\/v2\/media?parent=3174"}],"wp:term":[{"taxonomy":"product_cat","embeddable":true,"href":"https:\/\/biomedicals.com.co\/index.php\/wp-json\/wp\/v2\/product_cat?post=3174"},{"taxonomy":"product_tag","embeddable":true,"href":"https:\/\/biomedicals.com.co\/index.php\/wp-json\/wp\/v2\/product_tag?post=3174"}],"curies":[{"name":"wp","href":"https:\/\/api.w.org\/{rel}","templated":true}]}}