{"id":3182,"date":"2023-08-09T15:56:08","date_gmt":"2023-08-09T20:56:08","guid":{"rendered":"https:\/\/biomedicals.com.co\/?post_type=product&#038;p=3182"},"modified":"2023-09-10T13:19:31","modified_gmt":"2023-09-10T18:19:31","slug":"espejo-dental","status":"publish","type":"product","link":"https:\/\/biomedicals.com.co\/index.php\/producto\/espejo-dental\/","title":{"rendered":"Espejo Dental"},"content":{"rendered":"<p>Brinda una imagen clara para una exploraci\u00f3n bucal precisa, ideal para cualquier procedimiento odontol\u00f3gico.<\/p>\n<p>Caracter\u00edsticas:<\/p>\n<ul>\n<li>Su montura es de acero inoxidable<\/li>\n<li>Son resistentes a todos los m\u00e9todos de limpieza, desinfecci\u00f3n y esterilizaci\u00f3n (aire caliente, ebullici\u00f3n, qu\u00edmica, autoclave) a 180 \u00b0C, (salvo ultrasonidos)<\/li>\n<li>El reflejo sin doble imagen y el revestimiento de rodio permite una visi\u00f3n m\u00e1s n\u00edtida<\/li>\n<\/ul>\n","protected":false},"excerpt":{"rendered":"<p>Instrumental utilizado en la exploraci\u00f3n de la cavidad bucal del paciente a la vez que separa las paredes de la boca para ampliar el campo de visi\u00f3n.<\/p>\n","protected":false},"featured_media":3184,"comment_status":"open","ping_status":"closed","template":"","meta":[],"product_cat":[64,63],"product_tag":[],"acf":[],"aioseo_notices":[],"_links":{"self":[{"href":"https:\/\/biomedicals.com.co\/index.php\/wp-json\/wp\/v2\/product\/3182"}],"collection":[{"href":"https:\/\/biomedicals.com.co\/index.php\/wp-json\/wp\/v2\/product"}],"about":[{"href":"https:\/\/biomedicals.com.co\/index.php\/wp-json\/wp\/v2\/types\/product"}],"replies":[{"embeddable":true,"href":"https:\/\/biomedicals.com.co\/index.php\/wp-json\/wp\/v2\/comments?post=3182"}],"wp:featuredmedia":[{"embeddable":true,"href":"https:\/\/biomedicals.com.co\/index.php\/wp-json\/wp\/v2\/media\/3184"}],"wp:attachment":[{"href":"https:\/\/biomedicals.com.co\/index.php\/wp-json\/wp\/v2\/media?parent=3182"}],"wp:term":[{"taxonomy":"product_cat","embeddable":true,"href":"https:\/\/biomedicals.com.co\/index.php\/wp-json\/wp\/v2\/product_cat?post=3182"},{"taxonomy":"product_tag","embeddable":true,"href":"https:\/\/biomedicals.com.co\/index.php\/wp-json\/wp\/v2\/product_tag?post=3182"}],"curies":[{"name":"wp","href":"https:\/\/api.w.org\/{rel}","templated":true}]}}