{"id":3290,"date":"2023-08-11T13:03:30","date_gmt":"2023-08-11T18:03:30","guid":{"rendered":"https:\/\/biomedicals.com.co\/?post_type=product&#038;p=3290"},"modified":"2023-08-11T13:03:30","modified_gmt":"2023-08-11T18:03:30","slug":"balanza-pesa-bebes-electronica-con-plataforma-20kgs-marca-seca-ref-354","status":"publish","type":"product","link":"https:\/\/biomedicals.com.co\/index.php\/producto\/balanza-pesa-bebes-electronica-con-plataforma-20kgs-marca-seca-ref-354\/","title":{"rendered":"BALANZA PESA BEBES ELECTR\u00d3NICA CON PLATAFORMA 20KGS- MARCA SECA REF 354"},"content":{"rendered":"<p><span style=\"font-weight: 400;\">Pesabeb\u00e9s con plataforma pedi\u00e1trica Dos b\u00e1sculas en una, En unos pocos instantes es capaz de convertirse en una b\u00e1scula de plataforma con una capacidad de 20 kg, para el pesaje de ni\u00f1os peque\u00f1os. La artesa y la base, que sirve de b\u00e1scula de plataforma, est\u00e1n unidas firme y s\u00f3lidamente, ofreciendo absoluta seguridad para el pesaje del beb\u00e9. Esta b\u00e1scula tiene la funci\u00f3n<\/span><span style=\"font-weight: 400;\"><br \/>\n<\/span><span style=\"font-weight: 400;\">Breast Milk Intake (BMIF), que permite determinar la cantidad exacta de leche materna ingerida por el lactante.<\/span><\/p>\n<p><span style=\"font-weight: 400;\">Especificaciones tecnicas:<\/span><\/p>\n<p><span style=\"font-weight: 400;\">\u2022 Bandeja pesabeb\u00e9s extra\u00edble<\/span><span style=\"font-weight: 400;\"><br \/>\n<\/span><span style=\"font-weight: 400;\">\u2022 Capacidad: 20Kg<\/span><span style=\"font-weight: 400;\"><br \/>\n<\/span><span style=\"font-weight: 400;\">\u2022 Divisi\u00f3n: 10 g<\/span><span style=\"font-weight: 400;\"><br \/>\n<\/span><span style=\"font-weight: 400;\">\u2022 Funciones: Desconexi\u00f3n autom\u00e1tica, TARA, Medici\u00f3n m\u00f3vil, BMIF, Auto-HOLD,<\/span><span style=\"font-weight: 400;\"><br \/>\n<\/span><span style=\"font-weight: 400;\">Indicador kg\/lbs<\/span><span style=\"font-weight: 400;\"><br \/>\n<\/span><span style=\"font-weight: 400;\">\u2022 Dimensiones ( AxAxP): 552 x 156 x 332 mm<\/span><\/p>\n","protected":false},"excerpt":{"rendered":"<p><span style=\"font-weight: 400;\">Pesabeb\u00e9s con plataforma pedi\u00e1trica Dos b\u00e1sculas en una, En unos pocos instantes es capaz de convertirse en una b\u00e1scula de plataforma con una capacidad de 20 kg, para el pesaje de ni\u00f1os peque\u00f1os<\/span><\/p>\n","protected":false},"featured_media":3291,"comment_status":"open","ping_status":"closed","template":"","meta":[],"product_cat":[75,74],"product_tag":[],"acf":[],"aioseo_notices":[],"_links":{"self":[{"href":"https:\/\/biomedicals.com.co\/index.php\/wp-json\/wp\/v2\/product\/3290"}],"collection":[{"href":"https:\/\/biomedicals.com.co\/index.php\/wp-json\/wp\/v2\/product"}],"about":[{"href":"https:\/\/biomedicals.com.co\/index.php\/wp-json\/wp\/v2\/types\/product"}],"replies":[{"embeddable":true,"href":"https:\/\/biomedicals.com.co\/index.php\/wp-json\/wp\/v2\/comments?post=3290"}],"wp:featuredmedia":[{"embeddable":true,"href":"https:\/\/biomedicals.com.co\/index.php\/wp-json\/wp\/v2\/media\/3291"}],"wp:attachment":[{"href":"https:\/\/biomedicals.com.co\/index.php\/wp-json\/wp\/v2\/media?parent=3290"}],"wp:term":[{"taxonomy":"product_cat","embeddable":true,"href":"https:\/\/biomedicals.com.co\/index.php\/wp-json\/wp\/v2\/product_cat?post=3290"},{"taxonomy":"product_tag","embeddable":true,"href":"https:\/\/biomedicals.com.co\/index.php\/wp-json\/wp\/v2\/product_tag?post=3290"}],"curies":[{"name":"wp","href":"https:\/\/api.w.org\/{rel}","templated":true}]}}