{"id":3292,"date":"2023-08-11T13:06:22","date_gmt":"2023-08-11T18:06:22","guid":{"rendered":"https:\/\/biomedicals.com.co\/?post_type=product&#038;p=3292"},"modified":"2023-09-25T13:00:33","modified_gmt":"2023-09-25T18:00:33","slug":"balanza-de-piso-digital-con-monitor-de-grasa-corporal-gmd-ref-korpus-300","status":"publish","type":"product","link":"https:\/\/biomedicals.com.co\/index.php\/producto\/balanza-de-piso-digital-con-monitor-de-grasa-corporal-gmd-ref-korpus-300\/","title":{"rendered":"BALANZA DE PISO DIGITAL CON MONITOR DE GRASA CORPORAL &#8211; GMD"},"content":{"rendered":"<p><strong>Caracteristicas:<\/strong><\/p>\n<ul>\n<li>Ref: KORPUS 300<\/li>\n<li>Capacidad m\u00e1xima hasta 180 kg.<\/li>\n<li>Capacidad de registro hasta para 8 usuarios.<\/li>\n<\/ul>\n<p>&nbsp;<\/p>\n<p><strong>Especificaciones:<\/strong><\/p>\n<ul>\n<li style=\"font-weight: 400;\" aria-level=\"1\"><b>Dimensiones caja master: <\/b><span style=\"font-weight: 400;\">35,3cmx35,6cmx25cm<\/span><\/li>\n<li style=\"font-weight: 400;\" aria-level=\"1\"><b>Cantidad por caja master: <\/b><span style=\"font-weight: 400;\">6 unidades<\/span><\/li>\n<li style=\"font-weight: 400;\" aria-level=\"1\"><b>Peso neto caja master: <\/b><span style=\"font-weight: 400;\">9,36 Kg<\/span><\/li>\n<li style=\"font-weight: 400;\" aria-level=\"1\"><b>Peso bruto caja master: <\/b><span style=\"font-weight: 400;\">12,02 Kg<\/span><\/li>\n<li style=\"font-weight: 400;\" aria-level=\"1\"><b>Dimensi\u00f3n producto: <\/b><span style=\"font-weight: 400;\">30 cm x 30 cm x 2,2 cm<\/span><\/li>\n<li style=\"font-weight: 400;\" aria-level=\"1\"><b>Dimensi\u00f3n caja primaria: <\/b><span style=\"font-weight: 400;\">33,5 cm x 32,9 cm x 3,7 cm<\/span><\/li>\n<li style=\"font-weight: 400;\" aria-level=\"1\"><b>Peso neto unidad: <\/b><span style=\"font-weight: 400;\">1,28 Kg<\/span><\/li>\n<li style=\"font-weight: 400;\" aria-level=\"1\"><b>M\u00e9todo de medici\u00f3n: <\/b><span style=\"font-weight: 400;\">Transductores de Fuerza y Bioimpedancia<\/span><\/li>\n<li style=\"font-weight: 400;\" aria-level=\"1\"><b>Rango medici\u00f3n: <\/b><span style=\"font-weight: 400;\">[5-180] kg<\/span><\/li>\n<li style=\"font-weight: 400;\" aria-level=\"1\"><b>Divisi\u00f3n: <\/b><span style=\"font-weight: 400;\">0,1 kg<\/span><\/li>\n<li><strong>Registro sanitario:\u00a0<\/strong>No requiere.<\/li>\n<\/ul>\n<p>&nbsp;<\/p>\n","protected":false},"excerpt":{"rendered":"<p><span style=\"font-weight: 400;\">Gracias a su mecanismo especial de lectura, indica los niveles de grasa corporal, agua total en el cuerpo, masa muscular, masa \u00f3sea e \u00edndice de masa corporal. Este dispositivo es indispensable para el control del peso y la prevenci\u00f3n de enfermedades como la obesidad.<\/span><\/p>\n","protected":false},"featured_media":3293,"comment_status":"open","ping_status":"closed","template":"","meta":[],"product_cat":[75,74],"product_tag":[],"acf":[],"aioseo_notices":[],"_links":{"self":[{"href":"https:\/\/biomedicals.com.co\/index.php\/wp-json\/wp\/v2\/product\/3292"}],"collection":[{"href":"https:\/\/biomedicals.com.co\/index.php\/wp-json\/wp\/v2\/product"}],"about":[{"href":"https:\/\/biomedicals.com.co\/index.php\/wp-json\/wp\/v2\/types\/product"}],"replies":[{"embeddable":true,"href":"https:\/\/biomedicals.com.co\/index.php\/wp-json\/wp\/v2\/comments?post=3292"}],"wp:featuredmedia":[{"embeddable":true,"href":"https:\/\/biomedicals.com.co\/index.php\/wp-json\/wp\/v2\/media\/3293"}],"wp:attachment":[{"href":"https:\/\/biomedicals.com.co\/index.php\/wp-json\/wp\/v2\/media?parent=3292"}],"wp:term":[{"taxonomy":"product_cat","embeddable":true,"href":"https:\/\/biomedicals.com.co\/index.php\/wp-json\/wp\/v2\/product_cat?post=3292"},{"taxonomy":"product_tag","embeddable":true,"href":"https:\/\/biomedicals.com.co\/index.php\/wp-json\/wp\/v2\/product_tag?post=3292"}],"curies":[{"name":"wp","href":"https:\/\/api.w.org\/{rel}","templated":true}]}}