{"id":3297,"date":"2023-08-11T13:12:41","date_gmt":"2023-08-11T18:12:41","guid":{"rendered":"https:\/\/biomedicals.com.co\/?post_type=product&#038;p=3297"},"modified":"2023-09-25T14:59:27","modified_gmt":"2023-09-25T19:59:27","slug":"bascula-electronica-de-tallimetro-marca-seca-ref-769","status":"publish","type":"product","link":"https:\/\/biomedicals.com.co\/index.php\/producto\/bascula-electronica-de-tallimetro-marca-seca-ref-769\/","title":{"rendered":"B\u00c1SCULA ELECTR\u00d3NICA DE TALLIMETRO MARCA SECA- REF 769"},"content":{"rendered":"<p><span style=\"font-weight: 400;\">B\u00e1scula digital seca 769 se puede utilizar para una gran diversidad de aplicaciones,.<\/span><\/p>\n<p><span style=\"font-weight: 400;\">Especificaciones:<\/span><\/p>\n<p><span style=\"font-weight: 400;\">\u2022 Capacidad: 200 kg<\/span><span style=\"font-weight: 400;\"><br \/>\n<\/span><span style=\"font-weight: 400;\">\u2022 Divisi\u00f3n (g):100 g<\/span><span style=\"font-weight: 400;\"><br \/>\n<\/span><span style=\"font-weight: 400;\">\u2022 Alimentaci\u00f3n: Bater\u00eda, Red el\u00e9ctrica<\/span><span style=\"font-weight: 400;\"><br \/>\n<\/span><span style=\"font-weight: 400;\">\u2022 Dimensiones ( AxAxP): 294 x 831 x 417 mm<\/span><span style=\"font-weight: 400;\"><br \/>\n<\/span><span style=\"font-weight: 400;\">\u2022 Peso neto: 6,2 kg<\/span><span style=\"font-weight: 400;\"><br \/>\n<\/span><span style=\"font-weight: 400;\">\u2022 Funciones: desconexi\u00f3n autom\u00e1tica, conmutaci\u00f3n kg\/lbs\/sts, Costo de Transporte, TARA, HOLD, el \u00edndice de masa corporal \u2013 BMI<\/span><\/p>\n","protected":false},"excerpt":{"rendered":"<p><span style=\"font-weight: 400;\">B\u00e1scula digital seca 769 se puede utilizar para una gran diversidad de aplicaciones,.<\/span><\/p>\n","protected":false},"featured_media":3298,"comment_status":"open","ping_status":"closed","template":"","meta":[],"product_cat":[75,74],"product_tag":[],"acf":[],"aioseo_notices":[],"_links":{"self":[{"href":"https:\/\/biomedicals.com.co\/index.php\/wp-json\/wp\/v2\/product\/3297"}],"collection":[{"href":"https:\/\/biomedicals.com.co\/index.php\/wp-json\/wp\/v2\/product"}],"about":[{"href":"https:\/\/biomedicals.com.co\/index.php\/wp-json\/wp\/v2\/types\/product"}],"replies":[{"embeddable":true,"href":"https:\/\/biomedicals.com.co\/index.php\/wp-json\/wp\/v2\/comments?post=3297"}],"wp:featuredmedia":[{"embeddable":true,"href":"https:\/\/biomedicals.com.co\/index.php\/wp-json\/wp\/v2\/media\/3298"}],"wp:attachment":[{"href":"https:\/\/biomedicals.com.co\/index.php\/wp-json\/wp\/v2\/media?parent=3297"}],"wp:term":[{"taxonomy":"product_cat","embeddable":true,"href":"https:\/\/biomedicals.com.co\/index.php\/wp-json\/wp\/v2\/product_cat?post=3297"},{"taxonomy":"product_tag","embeddable":true,"href":"https:\/\/biomedicals.com.co\/index.php\/wp-json\/wp\/v2\/product_tag?post=3297"}],"curies":[{"name":"wp","href":"https:\/\/api.w.org\/{rel}","templated":true}]}}