{"id":3301,"date":"2023-08-11T13:36:13","date_gmt":"2023-08-11T18:36:13","guid":{"rendered":"https:\/\/biomedicals.com.co\/?post_type=product&#038;p=3301"},"modified":"2023-08-11T13:36:14","modified_gmt":"2023-08-11T18:36:14","slug":"oximetro-de-pulso-marca-strong-medical-contec-ref-cms50d","status":"publish","type":"product","link":"https:\/\/biomedicals.com.co\/index.php\/producto\/oximetro-de-pulso-marca-strong-medical-contec-ref-cms50d\/","title":{"rendered":"OXIMETRO DE PULSO MARCA STRONG MEDICAL\/CONTEC- REF CMS50D"},"content":{"rendered":"<pre><span style=\"font-weight: 400;\">Dispositivo no invasivo para el monitoreo del porcentaje de saturaci\u00f3n de ox\u00edgeno en la hemoglobina arterial (SpO2) y medici\u00f3n de la frecuencia card\u00edaca (Pulso) de adultos y ni\u00f1os en el hogar, hospital, cl\u00ednica, cirug\u00eda, cuidados intensivos.<\/span>\r\n\r\n<span style=\"font-weight: 400;\">Caracter\u00edsticas:<\/span><\/pre>\n<ul>\n<li style=\"font-weight: 400;\" aria-level=\"1\">\n<pre><span style=\"font-weight: 400;\">Indice de perfusi\u00f3n<\/span><\/pre>\n<\/li>\n<li style=\"font-weight: 400;\" aria-level=\"1\">\n<pre><span style=\"font-weight: 400;\">Medici\u00f3n del valor de SpO2 (saturaci\u00f3n de oxigeno)<\/span><\/pre>\n<\/li>\n<li style=\"font-weight: 400;\" aria-level=\"1\">\n<pre><span style=\"font-weight: 400;\">Medici\u00f3n de FC (frecuencia cardiaca)<\/span><\/pre>\n<\/li>\n<li style=\"font-weight: 400;\" aria-level=\"1\">\n<pre><span style=\"font-weight: 400;\">6 Modos de visualizaci\u00f3n<\/span><\/pre>\n<\/li>\n<li style=\"font-weight: 400;\" aria-level=\"1\">\n<pre><span style=\"font-weight: 400;\">Visualizaci\u00f3n de curva plestimografic<\/span><\/pre>\n<\/li>\n<li style=\"font-weight: 400;\" aria-level=\"1\">\n<pre><span style=\"font-weight: 400;\">Ajuste de brillo de la pantalla<\/span><\/pre>\n<\/li>\n<li style=\"font-weight: 400;\" aria-level=\"1\">\n<pre><span style=\"font-weight: 400;\">Empaque en blister<\/span><\/pre>\n<\/li>\n<\/ul>\n<pre><b>Permiso de Comercializaci\u00f3n: 2016EBC-0014835<\/b>\r\n\r\n<b>APROBADA PUBLICIDAD INVIMA<\/b><\/pre>\n","protected":false},"excerpt":{"rendered":"<p><span style=\"font-weight: 400;\">Dispositivo no invasivo para el monitoreo del porcentaje de saturaci\u00f3n de ox\u00edgeno en la hemoglobina arterial (SpO2) y medici\u00f3n de la frecuencia card\u00edaca (Pulso) de adultos y ni\u00f1os en el hogar, hospital, cl\u00ednica, cirug\u00eda, cuidados intensivos.<\/span><\/p>\n","protected":false},"featured_media":3302,"comment_status":"open","ping_status":"closed","template":"","meta":[],"product_cat":[74,88],"product_tag":[],"acf":[],"aioseo_notices":[],"_links":{"self":[{"href":"https:\/\/biomedicals.com.co\/index.php\/wp-json\/wp\/v2\/product\/3301"}],"collection":[{"href":"https:\/\/biomedicals.com.co\/index.php\/wp-json\/wp\/v2\/product"}],"about":[{"href":"https:\/\/biomedicals.com.co\/index.php\/wp-json\/wp\/v2\/types\/product"}],"replies":[{"embeddable":true,"href":"https:\/\/biomedicals.com.co\/index.php\/wp-json\/wp\/v2\/comments?post=3301"}],"wp:featuredmedia":[{"embeddable":true,"href":"https:\/\/biomedicals.com.co\/index.php\/wp-json\/wp\/v2\/media\/3302"}],"wp:attachment":[{"href":"https:\/\/biomedicals.com.co\/index.php\/wp-json\/wp\/v2\/media?parent=3301"}],"wp:term":[{"taxonomy":"product_cat","embeddable":true,"href":"https:\/\/biomedicals.com.co\/index.php\/wp-json\/wp\/v2\/product_cat?post=3301"},{"taxonomy":"product_tag","embeddable":true,"href":"https:\/\/biomedicals.com.co\/index.php\/wp-json\/wp\/v2\/product_tag?post=3301"}],"curies":[{"name":"wp","href":"https:\/\/api.w.org\/{rel}","templated":true}]}}