{"id":3309,"date":"2023-08-11T13:39:03","date_gmt":"2023-08-11T18:39:03","guid":{"rendered":"https:\/\/biomedicals.com.co\/?post_type=product&#038;p=3309"},"modified":"2023-08-11T13:39:03","modified_gmt":"2023-08-11T18:39:03","slug":"pulsioximetro-marca-gmd-ref-500e","status":"publish","type":"product","link":"https:\/\/biomedicals.com.co\/index.php\/producto\/pulsioximetro-marca-gmd-ref-500e\/","title":{"rendered":"PULSIOXIMETRO MARCA GMD -REF 500E"},"content":{"rendered":"<p><span style=\"font-weight: 400;\">\u00a0<\/span><span style=\"font-weight: 400;\">Registro sanitario: SI <\/span><span style=\"font-weight: 400;\"><br \/>\n<\/span> <span style=\"font-weight: 400;\">Clasificaci\u00f3n de riesgo: IIB<\/span><span style=\"font-weight: 400;\"><br \/>\n<\/span> <span style=\"font-weight: 400;\">Rango de medici\u00f3n saturaci\u00f3n de ox\u00edgeno: [35 -100] %<\/span><span style=\"font-weight: 400;\"><br \/>\n<\/span> <span style=\"font-weight: 400;\">Rango medici\u00f3n frecuencia card\u00edaca: [25 \u2013 250] ppm<\/span><span style=\"font-weight: 400;\"><br \/>\n<\/span> <span style=\"font-weight: 400;\">Resoluci\u00f3n de saturaci\u00f3n de ox\u00edgeno: 3.1 %<\/span><span style=\"font-weight: 400;\"><br \/>\n<\/span> <span style=\"font-weight: 400;\">Resoluci\u00f3n de frecuencia cardiaca: 1.1 ppm<\/span><span style=\"font-weight: 400;\"><br \/>\n<\/span> <span style=\"font-weight: 400;\">Precisi\u00f3n de la saturaci\u00f3n de ox\u00edgeno: \u00b1 2% [70 \u2013 100] % No requerido (\u2264 69 %)<\/span><span style=\"font-weight: 400;\"><br \/>\n<\/span> <span style=\"font-weight: 400;\">Precisi\u00f3n de la frecuencia card\u00edaca: \u00b1 2 ppm<\/span><span style=\"font-weight: 400;\"><br \/>\n<\/span> <span style=\"font-weight: 400;\">Tipo de alimentaci\u00f3n: 2 Bater\u00edas alkalinas AAA 1.5 V<\/span><span style=\"font-weight: 400;\"><br \/>\n<\/span> <span style=\"font-weight: 400;\">Dimensiones: 6,2 cm \u00d7 3.7 cm \u00d7 3.2 cm<\/span><span style=\"font-weight: 400;\"><br \/>\n<\/span> <span style=\"font-weight: 400;\">Longitud de onda: Luz Rojo: 660 nm \u00b1 3 Infrarojo: 905 nm \u00b1 5<\/span><span style=\"font-weight: 400;\"><br \/>\n<\/span> <span style=\"font-weight: 400;\">Condiciones de operaci\u00f3n: 5 \u2013 40] \u00b0C; [15 \u2013 80] % RH<\/span><span style=\"font-weight: 400;\"><br \/>\n<\/span> <span style=\"font-weight: 400;\">Accesorios: Correa; 2 Bater\u00edas AAA; Maleta<\/span><\/p>\n","protected":false},"excerpt":{"rendered":"<p>\u00a0Registro sanitario: SI Clasificaci\u00f3n de riesgo: IIB Rango de medici\u00f3n saturaci\u00f3n de ox\u00edgeno: [35 -100] % Rango medici\u00f3n frecuencia card\u00edaca: [25 \u2013 250] ppm Resoluci\u00f3n de saturaci\u00f3n de ox\u00edgeno: 3.1 % Resoluci\u00f3n de frecuencia cardiaca: 1.1 ppm Precisi\u00f3n de la saturaci\u00f3n de ox\u00edgeno: \u00b1 2% [70 \u2013 100] % No requerido (\u2264 69 %) Precisi\u00f3n [&hellip;]<\/p>\n","protected":false},"featured_media":3310,"comment_status":"open","ping_status":"closed","template":"","meta":[],"product_cat":[74,88],"product_tag":[],"acf":[],"aioseo_notices":[],"_links":{"self":[{"href":"https:\/\/biomedicals.com.co\/index.php\/wp-json\/wp\/v2\/product\/3309"}],"collection":[{"href":"https:\/\/biomedicals.com.co\/index.php\/wp-json\/wp\/v2\/product"}],"about":[{"href":"https:\/\/biomedicals.com.co\/index.php\/wp-json\/wp\/v2\/types\/product"}],"replies":[{"embeddable":true,"href":"https:\/\/biomedicals.com.co\/index.php\/wp-json\/wp\/v2\/comments?post=3309"}],"wp:featuredmedia":[{"embeddable":true,"href":"https:\/\/biomedicals.com.co\/index.php\/wp-json\/wp\/v2\/media\/3310"}],"wp:attachment":[{"href":"https:\/\/biomedicals.com.co\/index.php\/wp-json\/wp\/v2\/media?parent=3309"}],"wp:term":[{"taxonomy":"product_cat","embeddable":true,"href":"https:\/\/biomedicals.com.co\/index.php\/wp-json\/wp\/v2\/product_cat?post=3309"},{"taxonomy":"product_tag","embeddable":true,"href":"https:\/\/biomedicals.com.co\/index.php\/wp-json\/wp\/v2\/product_tag?post=3309"}],"curies":[{"name":"wp","href":"https:\/\/api.w.org\/{rel}","templated":true}]}}