{"id":3311,"date":"2023-08-11T13:46:26","date_gmt":"2023-08-11T18:46:26","guid":{"rendered":"https:\/\/biomedicals.com.co\/?post_type=product&#038;p=3311"},"modified":"2023-08-11T13:46:26","modified_gmt":"2023-08-11T18:46:26","slug":"oximetro-de-pulso-pediatrico-ref-md300c55-marca-choicemed","status":"publish","type":"product","link":"https:\/\/biomedicals.com.co\/index.php\/producto\/oximetro-de-pulso-pediatrico-ref-md300c55-marca-choicemed\/","title":{"rendered":"OXIMETRO DE PULSO PEDIATRICO REF MD300C55 MARCA CHOICEMED"},"content":{"rendered":"<pre><span style=\"font-weight: 400;\">Dise\u00f1ado especialmente para uso Pedi\u00e1trico. Equipo para medir la saturaci\u00f3n del oxigeno en la sangre y las pulsaciones del coraz\u00f3n a trav\u00e9s del dedo. SpO2 y Pulso pueden mostrarse correctamente en condiciones de saturaci\u00f3n baja. Usos en la Casa, Hospital, Cl\u00ednicas, Cirug\u00edas, Cuidados Intensivos, Rehabilitaci\u00f3n deportiva, odontolog\u00eda, antes o despu\u00e9s de realizar Deporte.<\/span>\r\n\r\n<span style=\"font-weight: 400;\">Especificaciones:\r\n\r\n<\/span><span style=\"font-weight: 400;\">\u2022Medici\u00f3n del valor de SpO2 (saturaci\u00f3n de oxigeno)<\/span><span style=\"font-weight: 400;\">\r\n<\/span><span style=\"font-weight: 400;\">\u2022Medici\u00f3n de FC (frecuencia cardiaca)<\/span><span style=\"font-weight: 400;\">\r\n<\/span><span style=\"font-weight: 400;\">\u2022Pantalla OLED<\/span><span style=\"font-weight: 400;\">\r\n<\/span><span style=\"font-weight: 400;\">\u2022Visualizaci\u00f3n de curva plestimografica<\/span><span style=\"font-weight: 400;\">\r\n<\/span><span style=\"font-weight: 400;\">Accesorios Incluidos:<\/span><span style=\"font-weight: 400;\">\r\n<\/span><span style=\"font-weight: 400;\">\u2022Estuche y cord\u00f3n<\/span><span style=\"font-weight: 400;\">\r\n<\/span><span style=\"font-weight: 400;\">\u20222 bater\u00edas AAA<\/span><span style=\"font-weight: 400;\">\r\n<\/span><span style=\"font-weight: 400;\">\u2022Goma protectora<\/span><\/pre>\n","protected":false},"excerpt":{"rendered":"<p><span style=\"font-weight: 400;\">Dise\u00f1ado especialmente para uso Pedi\u00e1trico. Equipo para medir la saturaci\u00f3n del oxigeno en la sangre y las pulsaciones del coraz\u00f3n a trav\u00e9s del dedo. SpO2 y Pulso pueden mostrarse correctamente en condiciones de saturaci\u00f3n baja<\/span><\/p>\n","protected":false},"featured_media":3312,"comment_status":"open","ping_status":"closed","template":"","meta":[],"product_cat":[74,88],"product_tag":[],"acf":[],"aioseo_notices":[],"_links":{"self":[{"href":"https:\/\/biomedicals.com.co\/index.php\/wp-json\/wp\/v2\/product\/3311"}],"collection":[{"href":"https:\/\/biomedicals.com.co\/index.php\/wp-json\/wp\/v2\/product"}],"about":[{"href":"https:\/\/biomedicals.com.co\/index.php\/wp-json\/wp\/v2\/types\/product"}],"replies":[{"embeddable":true,"href":"https:\/\/biomedicals.com.co\/index.php\/wp-json\/wp\/v2\/comments?post=3311"}],"wp:featuredmedia":[{"embeddable":true,"href":"https:\/\/biomedicals.com.co\/index.php\/wp-json\/wp\/v2\/media\/3312"}],"wp:attachment":[{"href":"https:\/\/biomedicals.com.co\/index.php\/wp-json\/wp\/v2\/media?parent=3311"}],"wp:term":[{"taxonomy":"product_cat","embeddable":true,"href":"https:\/\/biomedicals.com.co\/index.php\/wp-json\/wp\/v2\/product_cat?post=3311"},{"taxonomy":"product_tag","embeddable":true,"href":"https:\/\/biomedicals.com.co\/index.php\/wp-json\/wp\/v2\/product_tag?post=3311"}],"curies":[{"name":"wp","href":"https:\/\/api.w.org\/{rel}","templated":true}]}}