{"id":3314,"date":"2023-08-11T13:58:39","date_gmt":"2023-08-11T18:58:39","guid":{"rendered":"https:\/\/biomedicals.com.co\/?post_type=product&#038;p=3314"},"modified":"2023-08-11T13:58:39","modified_gmt":"2023-08-11T18:58:39","slug":"tensiometro-digital-automatico-de-brazo-beurer","status":"publish","type":"product","link":"https:\/\/biomedicals.com.co\/index.php\/producto\/tensiometro-digital-automatico-de-brazo-beurer\/","title":{"rendered":"TENSIOMETRO DIGITAL AUTOMATICO DE BRAZO BEURER"},"content":{"rendered":"<pre>El tensi\u00f3metro dispone de un brazalete universal, adecuado tambi\u00e9n para contornos de brazo mayores, de hasta 42 cm. El control de posici\u00f3n del brazalete integrado le ofrece en cada medici\u00f3n seguridad adicional sobre la correcci\u00f3n de los valores medidos.<\/pre>\n<ul>\n<li aria-level=\"1\">\n<pre>Brazalete universal, tambi\u00e9n para contornos de brazo mayores, de hasta 42 cm<\/pre>\n<\/li>\n<\/ul>\n<ul>\n<li aria-level=\"1\">\n<pre>Medici\u00f3n del pulso y la presi\u00f3n arterial totalmente autom\u00e1tica en el brazo<\/pre>\n<\/li>\n<\/ul>\n<ul>\n<li aria-level=\"1\">\n<pre>Promedio de todos los valores de medici\u00f3n guardados<\/pre>\n<\/li>\n<\/ul>\n<ul>\n<li aria-level=\"1\">\n<pre>Control de posici\u00f3n del brazalete<\/pre>\n<\/li>\n<\/ul>\n<ul>\n<li aria-level=\"1\">\n<pre>2 horas de alarma ajustables<\/pre>\n<\/li>\n<\/ul>\n<ul>\n<li aria-level=\"1\">\n<pre>Pantalla f\u00e1cil de leer<\/pre>\n<\/li>\n<\/ul>\n<ul>\n<li aria-level=\"1\">\n<pre>4 x 30 posiciones de memoria<\/pre>\n<\/li>\n<\/ul>\n<ul>\n<li aria-level=\"1\">\n<pre>Indicador de riesgo<\/pre>\n<\/li>\n<\/ul>\n<ul>\n<li aria-level=\"1\">\n<pre>Detecci\u00f3n de arritmias<\/pre>\n<\/li>\n<\/ul>\n<ul>\n<li aria-level=\"1\">\n<pre>Producto sanitario<\/pre>\n<\/li>\n<\/ul>\n<ul>\n<li aria-level=\"1\">\n<pre>Para contornos de brazo de 22 \u2013 42 cm<\/pre>\n<\/li>\n<\/ul>\n<ul>\n<li aria-level=\"1\">\n<pre>Fecha y hora\/mecanismo de desconexi\u00f3n autom\u00e1tica<\/pre>\n<\/li>\n<\/ul>\n<ul>\n<li aria-level=\"1\">\n<pre>Aviso en caso de errores de aplicaci\u00f3n<\/pre>\n<\/li>\n<\/ul>\n<ul>\n<li aria-level=\"1\">\n<pre>Indicaci\u00f3n de cambio de pilas<\/pre>\n<\/li>\n<\/ul>\n<ul>\n<li aria-level=\"1\">\n<pre>Bolsa para guardarlo<\/pre>\n<\/li>\n<\/ul>\n<p>&nbsp;<\/p>\n","protected":false},"excerpt":{"rendered":"<p>El tensi\u00f3metro dispone de un brazalete universal, adecuado tambi\u00e9n para contornos de brazo mayores, de hasta 42 cm<\/p>\n","protected":false},"featured_media":3315,"comment_status":"open","ping_status":"closed","template":"","meta":[],"product_cat":[74,78],"product_tag":[],"acf":[],"aioseo_notices":[],"_links":{"self":[{"href":"https:\/\/biomedicals.com.co\/index.php\/wp-json\/wp\/v2\/product\/3314"}],"collection":[{"href":"https:\/\/biomedicals.com.co\/index.php\/wp-json\/wp\/v2\/product"}],"about":[{"href":"https:\/\/biomedicals.com.co\/index.php\/wp-json\/wp\/v2\/types\/product"}],"replies":[{"embeddable":true,"href":"https:\/\/biomedicals.com.co\/index.php\/wp-json\/wp\/v2\/comments?post=3314"}],"wp:featuredmedia":[{"embeddable":true,"href":"https:\/\/biomedicals.com.co\/index.php\/wp-json\/wp\/v2\/media\/3315"}],"wp:attachment":[{"href":"https:\/\/biomedicals.com.co\/index.php\/wp-json\/wp\/v2\/media?parent=3314"}],"wp:term":[{"taxonomy":"product_cat","embeddable":true,"href":"https:\/\/biomedicals.com.co\/index.php\/wp-json\/wp\/v2\/product_cat?post=3314"},{"taxonomy":"product_tag","embeddable":true,"href":"https:\/\/biomedicals.com.co\/index.php\/wp-json\/wp\/v2\/product_tag?post=3314"}],"curies":[{"name":"wp","href":"https:\/\/api.w.org\/{rel}","templated":true}]}}