{"id":3326,"date":"2023-08-11T14:42:21","date_gmt":"2023-08-11T19:42:21","guid":{"rendered":"https:\/\/biomedicals.com.co\/?post_type=product&#038;p=3326"},"modified":"2023-08-11T14:42:21","modified_gmt":"2023-08-11T19:42:21","slug":"tensiometro-pediatrico","status":"publish","type":"product","link":"https:\/\/biomedicals.com.co\/index.php\/producto\/tensiometro-pediatrico\/","title":{"rendered":"TENSIOMETRO PEDIATRICO"},"content":{"rendered":"<p><span style=\"font-weight: 400;\">Tensi\u00f3metro pedi\u00e1trico y neonatal, tensi\u00f3metro aneroide con brazaletes pedi\u00e1trico y neonatal fabricados en nailon, el cual cuenta con un sujetador para el man\u00f3metro. Incluye estuche con cierre de cremallera del mismo color motivos pedi\u00e1tricos.<\/span><\/p>\n<p><span style=\"font-weight: 400;\">Especificaciones:<\/span><\/p>\n<ul>\n<li style=\"font-weight: 400;\" aria-level=\"1\"><span style=\"font-weight: 400;\">2 Brazaletes fabricado en nylon (pedi\u00e1trico y neonatal)<\/span><\/li>\n<li style=\"font-weight: 400;\" aria-level=\"1\"><span style=\"font-weight: 400;\">Bolsa de insuflaci\u00f3n libres de l\u00e1tex reutilizable, con cierre en velcro<\/span><\/li>\n<li style=\"font-weight: 400;\" aria-level=\"1\"><span style=\"font-weight: 400;\">Man\u00f3metro tipo reloj<\/span><\/li>\n<li style=\"font-weight: 400;\" aria-level=\"1\"><span style=\"font-weight: 400;\">Escala graduada de 0 a 200<\/span><\/li>\n<li style=\"font-weight: 400;\" aria-level=\"1\"><span style=\"font-weight: 400;\">Rango de error de \u00b1 3 mmHg<\/span><\/li>\n<li style=\"font-weight: 400;\" aria-level=\"1\"><span style=\"font-weight: 400;\">Con m\u00ednimo de divisi\u00f3n de \u00b1 2 mmHg<\/span><\/li>\n<li style=\"font-weight: 400;\" aria-level=\"1\"><span style=\"font-weight: 400;\">Pera con v\u00e1lvula de liberaci\u00f3n de aire libre de l\u00e1tex<\/span><\/li>\n<li style=\"font-weight: 400;\" aria-level=\"1\"><span style=\"font-weight: 400;\">Manguera fabricada en PVC con longitud de 50cm<\/span><\/li>\n<li style=\"font-weight: 400;\" aria-level=\"1\"><span style=\"font-weight: 400;\">Incluye malet\u00edn de transporte fabricado en Nylon, cierre tipo cremallera<\/span><\/li>\n<\/ul>\n","protected":false},"excerpt":{"rendered":"<p><span style=\"font-weight: 400;\">Tensi\u00f3metro pedi\u00e1trico y neonatal, tensi\u00f3metro aneroide con brazaletes pedi\u00e1trico y neonatal fabricados en nailon, el cual cuenta con un sujetador para el man\u00f3metro. Incluye estuche con cierre de cremallera del mismo color motivos pedi\u00e1tricos.<\/span><\/p>\n","protected":false},"featured_media":3327,"comment_status":"open","ping_status":"closed","template":"","meta":[],"product_cat":[74,78],"product_tag":[],"acf":[],"aioseo_notices":[],"_links":{"self":[{"href":"https:\/\/biomedicals.com.co\/index.php\/wp-json\/wp\/v2\/product\/3326"}],"collection":[{"href":"https:\/\/biomedicals.com.co\/index.php\/wp-json\/wp\/v2\/product"}],"about":[{"href":"https:\/\/biomedicals.com.co\/index.php\/wp-json\/wp\/v2\/types\/product"}],"replies":[{"embeddable":true,"href":"https:\/\/biomedicals.com.co\/index.php\/wp-json\/wp\/v2\/comments?post=3326"}],"wp:featuredmedia":[{"embeddable":true,"href":"https:\/\/biomedicals.com.co\/index.php\/wp-json\/wp\/v2\/media\/3327"}],"wp:attachment":[{"href":"https:\/\/biomedicals.com.co\/index.php\/wp-json\/wp\/v2\/media?parent=3326"}],"wp:term":[{"taxonomy":"product_cat","embeddable":true,"href":"https:\/\/biomedicals.com.co\/index.php\/wp-json\/wp\/v2\/product_cat?post=3326"},{"taxonomy":"product_tag","embeddable":true,"href":"https:\/\/biomedicals.com.co\/index.php\/wp-json\/wp\/v2\/product_tag?post=3326"}],"curies":[{"name":"wp","href":"https:\/\/api.w.org\/{rel}","templated":true}]}}