{"id":3328,"date":"2023-08-11T14:46:24","date_gmt":"2023-08-11T19:46:24","guid":{"rendered":"https:\/\/biomedicals.com.co\/?post_type=product&#038;p=3328"},"modified":"2023-08-11T14:46:24","modified_gmt":"2023-08-11T19:46:24","slug":"tensiometro-profesional-resistente-a-impactos-marca-seca","status":"publish","type":"product","link":"https:\/\/biomedicals.com.co\/index.php\/producto\/tensiometro-profesional-resistente-a-impactos-marca-seca\/","title":{"rendered":"TENSIOMETRO PROFESIONAL RESISTENTE A IMPACTOS MARCA SECA"},"content":{"rendered":"<p><span style=\"font-weight: 400;\">Cuenta con un dispositivo especial para colgar la caja manom\u00e9trica directamente del brazalete, por lo que puede ser utilizado indistintamente por diestros y zurdos. Especial para un uso frecuente, el producto en conjunto resulta mucho m\u00e1s ligero gracias al empleo de un n\u00famero notablemente inferior de componentes met\u00e1licos. Pero sus ventajas no se deben solo al menor peso, sino tambi\u00e9n a su innovadora tecnolog\u00eda que permite al usuario cambiar la caja manom\u00e9trica vieja por una reci\u00e9n salida de f\u00e1brica y precalibrada, lo que permite ahorrar tiempo y dinero.<\/span><\/p>\n","protected":false},"excerpt":{"rendered":"<p><span style=\"font-weight: 400;\">Cuenta con un dispositivo especial para colgar la caja manom\u00e9trica directamente del brazalete, por lo que puede ser utilizado indistintamente por diestros y zurdos<\/span><\/p>\n","protected":false},"featured_media":3329,"comment_status":"open","ping_status":"closed","template":"","meta":[],"product_cat":[74,78],"product_tag":[],"acf":[],"aioseo_notices":[],"_links":{"self":[{"href":"https:\/\/biomedicals.com.co\/index.php\/wp-json\/wp\/v2\/product\/3328"}],"collection":[{"href":"https:\/\/biomedicals.com.co\/index.php\/wp-json\/wp\/v2\/product"}],"about":[{"href":"https:\/\/biomedicals.com.co\/index.php\/wp-json\/wp\/v2\/types\/product"}],"replies":[{"embeddable":true,"href":"https:\/\/biomedicals.com.co\/index.php\/wp-json\/wp\/v2\/comments?post=3328"}],"wp:featuredmedia":[{"embeddable":true,"href":"https:\/\/biomedicals.com.co\/index.php\/wp-json\/wp\/v2\/media\/3329"}],"wp:attachment":[{"href":"https:\/\/biomedicals.com.co\/index.php\/wp-json\/wp\/v2\/media?parent=3328"}],"wp:term":[{"taxonomy":"product_cat","embeddable":true,"href":"https:\/\/biomedicals.com.co\/index.php\/wp-json\/wp\/v2\/product_cat?post=3328"},{"taxonomy":"product_tag","embeddable":true,"href":"https:\/\/biomedicals.com.co\/index.php\/wp-json\/wp\/v2\/product_tag?post=3328"}],"curies":[{"name":"wp","href":"https:\/\/api.w.org\/{rel}","templated":true}]}}