{"id":3332,"date":"2023-08-11T14:53:47","date_gmt":"2023-08-11T19:53:47","guid":{"rendered":"https:\/\/biomedicals.com.co\/?post_type=product&#038;p=3332"},"modified":"2023-08-11T14:53:48","modified_gmt":"2023-08-11T19:53:48","slug":"equipo-para-diagnostico-de-organos-de-los-sentidos-welch-allyn","status":"publish","type":"product","link":"https:\/\/biomedicals.com.co\/index.php\/producto\/equipo-para-diagnostico-de-organos-de-los-sentidos-welch-allyn\/","title":{"rendered":"EQUIPO PARA DIAGNOSTICO DE ORGANOS DE LOS SENTIDOS WELCH ALLYN"},"content":{"rendered":"<p>Set de diagn\u00f3stico con tecnolog\u00eda LED SureColor\u2122. Kit con estuche de lujo, Otoscopio, Oftalmoscopio y esp\u00e9culos. Puedes personalizar tu equipo de \u00f3rganos con protectores para mango y ventana. El Pocket Led Plus viene equipado con accesorios de cuatro (4) colores: \u00d3nix, Lila, Nieve e \u00cdndigo<\/p>\n<p>Otoscopio Pocket Led Plus<br \/>\n\u2022 El otoscopio de bolsillo m\u00e1s duradero del mercado actual. Est\u00e1 dise\u00f1ado para perdurar desde tu entrenamiento hasta el consultorio<br \/>\n\u2022 Bombillos LED con tecnolog\u00eda SureColor\u2122 patentada por Welch Allyn<br \/>\n\u2022 El otoscopio de Welch Allyn m\u00e1s liviano para mayor comodidad y control<br \/>\n\u2022 Iluminaci\u00f3n de fibra \u00f3ptica, que emite luz fr\u00eda, sin reflejos ni obstrucciones<br \/>\n\u2022 Seis l\u00famenes para obtener el doble de intensidad de luz<\/p>\n<p>Oftalmoscopio Pocket Led<br \/>\n\u2022 El oftalmoscopio de Welch Allyn m\u00e1s liviano para mayor portabilidad y facilidad de uso<br \/>\n\u2022 Bombillos LED con tecnolog\u00eda SureColor\u2122 patentada por Welch Allyn<br \/>\n\u2022 Uno de los oftalmoscopios m\u00e1s duraderos del mercado actual, lo convierte en una herramienta confiable para tu entrenamiento y pr\u00e1ctica m\u00e9dica<br \/>\n\u2022 Cuenta con las aberturas y los filtros de nuestros oftalmoscopios de tama\u00f1o tradicional para que no tengas que sacrificar ninguna funcionalidad<br \/>\n\u2022 Interruptor de filtro polarizador de densidad neutral, que ayuda a reducir casi en su totalidad el reflejo de la c\u00f3rnea<br \/>\n\u2022 Descanso de goma para la ceja, que proporciona mayor comodidad durante el examen.<\/p>\n","protected":false},"excerpt":{"rendered":"<p>Set de diagn\u00f3stico con tecnolog\u00eda LED SureColor\u2122. Kit con estuche de lujo, Otoscopio, Oftalmoscopio y esp\u00e9culos. Puedes personalizar tu equipo de \u00f3rganos con protectores para mango y ventana<\/p>\n","protected":false},"featured_media":3333,"comment_status":"open","ping_status":"closed","template":"","meta":[],"product_cat":[74,79],"product_tag":[],"acf":[],"aioseo_notices":[],"_links":{"self":[{"href":"https:\/\/biomedicals.com.co\/index.php\/wp-json\/wp\/v2\/product\/3332"}],"collection":[{"href":"https:\/\/biomedicals.com.co\/index.php\/wp-json\/wp\/v2\/product"}],"about":[{"href":"https:\/\/biomedicals.com.co\/index.php\/wp-json\/wp\/v2\/types\/product"}],"replies":[{"embeddable":true,"href":"https:\/\/biomedicals.com.co\/index.php\/wp-json\/wp\/v2\/comments?post=3332"}],"wp:featuredmedia":[{"embeddable":true,"href":"https:\/\/biomedicals.com.co\/index.php\/wp-json\/wp\/v2\/media\/3333"}],"wp:attachment":[{"href":"https:\/\/biomedicals.com.co\/index.php\/wp-json\/wp\/v2\/media?parent=3332"}],"wp:term":[{"taxonomy":"product_cat","embeddable":true,"href":"https:\/\/biomedicals.com.co\/index.php\/wp-json\/wp\/v2\/product_cat?post=3332"},{"taxonomy":"product_tag","embeddable":true,"href":"https:\/\/biomedicals.com.co\/index.php\/wp-json\/wp\/v2\/product_tag?post=3332"}],"curies":[{"name":"wp","href":"https:\/\/api.w.org\/{rel}","templated":true}]}}