{"id":3334,"date":"2023-08-11T14:58:20","date_gmt":"2023-08-11T19:58:20","guid":{"rendered":"https:\/\/biomedicals.com.co\/?post_type=product&#038;p=3334"},"modified":"2023-08-11T14:58:20","modified_gmt":"2023-08-11T19:58:20","slug":"equipo-de-organos-de-los-sentidos-portatil-marca-lenz","status":"publish","type":"product","link":"https:\/\/biomedicals.com.co\/index.php\/producto\/equipo-de-organos-de-los-sentidos-portatil-marca-lenz\/","title":{"rendered":"EQUIPO DE ORGANOS DE LOS SENTIDOS PORTATIL MARCA LENZ"},"content":{"rendered":"<p><span style=\"font-weight: 400;\">El kit de \u00d3rganos de los Sentidos LENZ es construido con tecnolog\u00eda alemana de alta calidad.<\/span><\/p>\n<p><span style=\"font-weight: 400;\">Con su atractivo dise\u00f1o y su pr\u00e1ctico tama\u00f1o, se convertir\u00e1 r\u00e1pidamente en una parte importante de una consulta. Con un otoscopio elaborado con fibra \u00f3ptica, con una fuente de luz y un juego de esp\u00e9culos de distinto di\u00e1metro.<\/span><\/p>\n<p><span style=\"font-weight: 400;\">Un lente magnificador que optimiza la visibilidad del t\u00edmpano y conducto auditivo mediante. Un oftalmoscopio con varios lentes y espejos, que iluminan el interior del ojo a trav\u00e9s de la pupila y el cristalino.<\/span><\/p>\n<p><span style=\"font-weight: 400;\">\u00a0<\/span><\/p>\n<p><span style=\"font-weight: 400;\">INCLUYE<\/span><\/p>\n<ul>\n<li><span style=\"font-weight: 400;\"> \u00a0 \u00a0 \u00a0 \u00a0 <\/span><span style=\"font-weight: 400;\">Estuche en nylon<\/span><\/li>\n<li><span style=\"font-weight: 400;\"> \u00a0 \u00a0 \u00a0 \u00a0 <\/span><span style=\"font-weight: 400;\">Bater\u00edas AA<\/span><\/li>\n<li><span style=\"font-weight: 400;\"> \u00a0 \u00a0 \u00a0 \u00a0 <\/span><span style=\"font-weight: 400;\">Otoscopio y oftalmoscopio<\/span><\/li>\n<li><span style=\"font-weight: 400;\"> \u00a0 \u00a0 \u00a0 \u00a0 <\/span><span style=\"font-weight: 400;\">8 puntas de repuesto<\/span><\/li>\n<li>\u00a0 \u00a0 \u00a0 \u00a0 <span>Manual y empaque<\/span><\/li>\n<\/ul>\n","protected":false},"excerpt":{"rendered":"<p><span style=\"font-weight: 400;\">El kit de \u00d3rganos de los Sentidos LENZ es construido con tecnolog\u00eda alemana de alta calidad.<\/span><\/p>\n","protected":false},"featured_media":3335,"comment_status":"open","ping_status":"closed","template":"","meta":[],"product_cat":[74,79],"product_tag":[],"acf":[],"aioseo_notices":[],"_links":{"self":[{"href":"https:\/\/biomedicals.com.co\/index.php\/wp-json\/wp\/v2\/product\/3334"}],"collection":[{"href":"https:\/\/biomedicals.com.co\/index.php\/wp-json\/wp\/v2\/product"}],"about":[{"href":"https:\/\/biomedicals.com.co\/index.php\/wp-json\/wp\/v2\/types\/product"}],"replies":[{"embeddable":true,"href":"https:\/\/biomedicals.com.co\/index.php\/wp-json\/wp\/v2\/comments?post=3334"}],"wp:featuredmedia":[{"embeddable":true,"href":"https:\/\/biomedicals.com.co\/index.php\/wp-json\/wp\/v2\/media\/3335"}],"wp:attachment":[{"href":"https:\/\/biomedicals.com.co\/index.php\/wp-json\/wp\/v2\/media?parent=3334"}],"wp:term":[{"taxonomy":"product_cat","embeddable":true,"href":"https:\/\/biomedicals.com.co\/index.php\/wp-json\/wp\/v2\/product_cat?post=3334"},{"taxonomy":"product_tag","embeddable":true,"href":"https:\/\/biomedicals.com.co\/index.php\/wp-json\/wp\/v2\/product_tag?post=3334"}],"curies":[{"name":"wp","href":"https:\/\/api.w.org\/{rel}","templated":true}]}}