{"id":3340,"date":"2023-08-11T15:07:20","date_gmt":"2023-08-11T20:07:20","guid":{"rendered":"https:\/\/biomedicals.com.co\/?post_type=product&#038;p=3340"},"modified":"2023-08-11T15:07:21","modified_gmt":"2023-08-11T20:07:21","slug":"kit-de-organos-y-sentidos-marca-strong-medical","status":"publish","type":"product","link":"https:\/\/biomedicals.com.co\/index.php\/producto\/kit-de-organos-y-sentidos-marca-strong-medical\/","title":{"rendered":"KIT DE ORGANOS Y SENTIDOS MARCA STRONG MEDICAL"},"content":{"rendered":"<p>Otoscopio de fibra \u00f3ptica, cuenta con iluminaci\u00f3n LED y una ventana de cristal anti-ultravioleta con 3X ampliaciones de aumento. Oftalmoscopio de iluminaci\u00f3n hal\u00f3gena de alta calidad con una gama de opciones de iluminaci\u00f3n.<\/p>\n<p>Caracter\u00edsticas:<\/p>\n<p>Otoscopio<br \/>\n\u2022 Interruptor tipo clip on\/off<br \/>\n\u2022 2 AA (incluidas)<br \/>\n\u2022 Bombillo LED que dura 50.000 horas aprox<br \/>\n\u2022 Ventana de visualizaci\u00f3n con 3 aumentos<\/p>\n<p>Oftalmoscopios<br \/>\n\u2022 La gama del lente: \ufe6320 D a \ufe6220 D<br \/>\n\u2022 Oftalmoscopio de 5 aperturas<\/p>\n<p>Pr\u00e1ctico estuche de transporte para otoscopio y oftalmoscopio<\/p>\n","protected":false},"excerpt":{"rendered":"<p>Otoscopio de fibra \u00f3ptica, cuenta con iluminaci\u00f3n LED y una ventana de cristal anti-ultravioleta con 3X ampliaciones de aumento<\/p>\n","protected":false},"featured_media":3341,"comment_status":"open","ping_status":"closed","template":"","meta":[],"product_cat":[74,79],"product_tag":[],"acf":[],"aioseo_notices":[],"_links":{"self":[{"href":"https:\/\/biomedicals.com.co\/index.php\/wp-json\/wp\/v2\/product\/3340"}],"collection":[{"href":"https:\/\/biomedicals.com.co\/index.php\/wp-json\/wp\/v2\/product"}],"about":[{"href":"https:\/\/biomedicals.com.co\/index.php\/wp-json\/wp\/v2\/types\/product"}],"replies":[{"embeddable":true,"href":"https:\/\/biomedicals.com.co\/index.php\/wp-json\/wp\/v2\/comments?post=3340"}],"wp:featuredmedia":[{"embeddable":true,"href":"https:\/\/biomedicals.com.co\/index.php\/wp-json\/wp\/v2\/media\/3341"}],"wp:attachment":[{"href":"https:\/\/biomedicals.com.co\/index.php\/wp-json\/wp\/v2\/media?parent=3340"}],"wp:term":[{"taxonomy":"product_cat","embeddable":true,"href":"https:\/\/biomedicals.com.co\/index.php\/wp-json\/wp\/v2\/product_cat?post=3340"},{"taxonomy":"product_tag","embeddable":true,"href":"https:\/\/biomedicals.com.co\/index.php\/wp-json\/wp\/v2\/product_tag?post=3340"}],"curies":[{"name":"wp","href":"https:\/\/api.w.org\/{rel}","templated":true}]}}