{"id":3342,"date":"2023-08-11T16:08:38","date_gmt":"2023-08-11T21:08:38","guid":{"rendered":"https:\/\/biomedicals.com.co\/?post_type=product&#038;p=3342"},"modified":"2023-08-11T16:08:38","modified_gmt":"2023-08-11T21:08:38","slug":"fonendoscopio-de-doble-servicio","status":"publish","type":"product","link":"https:\/\/biomedicals.com.co\/index.php\/producto\/fonendoscopio-de-doble-servicio\/","title":{"rendered":"Fonendoscopio de Doble Servicio"},"content":{"rendered":"<p><span style=\"font-weight: 400;\">MARCA: BOKANG<\/span><\/p>\n<p><span style=\"font-weight: 400;\">Fonendoscopio de doble servicio uso adulto &#8211; pedi\u00e1trico (edad escolar), campana doble para alta y baja frecuencia, fabricada en acero inoxidable, alta ac\u00fastica para uso profesional, campana con aros quita fr\u00edos, tubo binocular en acero inoxidable, tubo fabricado en poliuretano PVC, diafragma intercambiable, olivas intercambiables. Peso 6.5 OZ, longitud total de trabajo 52.5 cms, variedad de colores, presentaci\u00f3n en caja r\u00edgida con espuma. Accesorios: 1 par de olivas y 1 diafragma.<\/span><\/p>\n","protected":false},"excerpt":{"rendered":"<p><span style=\"font-weight: 400;\">MARCA: BOKANG<\/span><\/p>\n<p><span style=\"font-weight: 400;\">Fonendoscopio de doble servicio uso adulto &#8211; pedi\u00e1trico (edad escolar), campana doble para alta y baja frecuencia, fabricada en acero inoxidable<\/span><\/p>\n","protected":false},"featured_media":3343,"comment_status":"open","ping_status":"closed","template":"","meta":[],"product_cat":[74,80],"product_tag":[],"acf":[],"aioseo_notices":[],"_links":{"self":[{"href":"https:\/\/biomedicals.com.co\/index.php\/wp-json\/wp\/v2\/product\/3342"}],"collection":[{"href":"https:\/\/biomedicals.com.co\/index.php\/wp-json\/wp\/v2\/product"}],"about":[{"href":"https:\/\/biomedicals.com.co\/index.php\/wp-json\/wp\/v2\/types\/product"}],"replies":[{"embeddable":true,"href":"https:\/\/biomedicals.com.co\/index.php\/wp-json\/wp\/v2\/comments?post=3342"}],"wp:featuredmedia":[{"embeddable":true,"href":"https:\/\/biomedicals.com.co\/index.php\/wp-json\/wp\/v2\/media\/3343"}],"wp:attachment":[{"href":"https:\/\/biomedicals.com.co\/index.php\/wp-json\/wp\/v2\/media?parent=3342"}],"wp:term":[{"taxonomy":"product_cat","embeddable":true,"href":"https:\/\/biomedicals.com.co\/index.php\/wp-json\/wp\/v2\/product_cat?post=3342"},{"taxonomy":"product_tag","embeddable":true,"href":"https:\/\/biomedicals.com.co\/index.php\/wp-json\/wp\/v2\/product_tag?post=3342"}],"curies":[{"name":"wp","href":"https:\/\/api.w.org\/{rel}","templated":true}]}}