{"id":3346,"date":"2023-08-11T16:17:15","date_gmt":"2023-08-11T21:17:15","guid":{"rendered":"https:\/\/biomedicals.com.co\/?post_type=product&#038;p=3346"},"modified":"2023-08-11T16:17:15","modified_gmt":"2023-08-11T21:17:15","slug":"fonendoscopio-adulto-dos-servicios-marca-prestige","status":"publish","type":"product","link":"https:\/\/biomedicals.com.co\/index.php\/producto\/fonendoscopio-adulto-dos-servicios-marca-prestige\/","title":{"rendered":"FONENDOSCOPIO ADULTO DOS SERVICIOS MARCA PRESTIGE"},"content":{"rendered":"<p><span style=\"font-weight: 400;\">Fonendoscopio adulto tipo littmann en acero inoxidable, con anillo antifrio en la campana y en el diafragma.<\/span><\/p>\n<p><span style=\"font-weight: 400;\">Especificaciones:<\/span><\/p>\n<ul>\n<li><span style=\"font-weight: 400;\">Membrana de 48mm de di\u00e1metro<\/span><\/li>\n<li><span style=\"font-weight: 400;\">Dise\u00f1o de anillo dual anti fr\u00edo<\/span><\/li>\n<li><span style=\"font-weight: 400;\">Manguera fabricada en PVC de 53 cm de largo<\/span><\/li>\n<li><span style=\"font-weight: 400;\">Incluye un par de olivas duras y una membrana para el diafragma<\/span><\/li>\n<\/ul>\n<p><span style=\"font-weight: 400;\">Fonendoscopio imitaci\u00f3n a Littmann Classic II<\/span><\/p>\n<p><span style=\"font-weight: 400;\">Limpieza y cuidado del fonendoscopio:<\/span><\/p>\n<p><span style=\"font-weight: 400;\">La limpieza de estetoscopio es muy importante debido a que esto podr\u00eda dificultar su correcto funcionamiento, pero tambi\u00e9n es importante desinfectar en el caso de mantener una correcta higiene con el resto de los pacientes. Para realizar tal fin es apropiado limpiar el estetoscopio con una soluci\u00f3n de alcohol isoprop\u00edlico al 70%, no es apropiado sumergirlo en l\u00edquido ni esterilizarlo.<\/span><\/p>\n<p><span style=\"font-weight: 400;\">Es importante que el aparato se mantenga alejado de zonas excesivamente fr\u00edas o calientes que puedan afectar a su funcionamiento.<\/span><\/p>\n","protected":false},"excerpt":{"rendered":"<p><span style=\"font-weight: 400;\">Fonendoscopio adulto tipo littmann en acero inoxidable, con anillo antifrio en la campana y en el diafragma.<\/span><\/p>\n","protected":false},"featured_media":3347,"comment_status":"open","ping_status":"closed","template":"","meta":[],"product_cat":[74,80],"product_tag":[],"acf":[],"aioseo_notices":[],"_links":{"self":[{"href":"https:\/\/biomedicals.com.co\/index.php\/wp-json\/wp\/v2\/product\/3346"}],"collection":[{"href":"https:\/\/biomedicals.com.co\/index.php\/wp-json\/wp\/v2\/product"}],"about":[{"href":"https:\/\/biomedicals.com.co\/index.php\/wp-json\/wp\/v2\/types\/product"}],"replies":[{"embeddable":true,"href":"https:\/\/biomedicals.com.co\/index.php\/wp-json\/wp\/v2\/comments?post=3346"}],"wp:featuredmedia":[{"embeddable":true,"href":"https:\/\/biomedicals.com.co\/index.php\/wp-json\/wp\/v2\/media\/3347"}],"wp:attachment":[{"href":"https:\/\/biomedicals.com.co\/index.php\/wp-json\/wp\/v2\/media?parent=3346"}],"wp:term":[{"taxonomy":"product_cat","embeddable":true,"href":"https:\/\/biomedicals.com.co\/index.php\/wp-json\/wp\/v2\/product_cat?post=3346"},{"taxonomy":"product_tag","embeddable":true,"href":"https:\/\/biomedicals.com.co\/index.php\/wp-json\/wp\/v2\/product_tag?post=3346"}],"curies":[{"name":"wp","href":"https:\/\/api.w.org\/{rel}","templated":true}]}}