{"id":3348,"date":"2023-08-11T16:24:01","date_gmt":"2023-08-11T21:24:01","guid":{"rendered":"https:\/\/biomedicals.com.co\/?post_type=product&#038;p=3348"},"modified":"2023-08-11T16:24:01","modified_gmt":"2023-08-11T21:24:01","slug":"fonendoscopio-cardiology-iv-black-marca-littmann","status":"publish","type":"product","link":"https:\/\/biomedicals.com.co\/index.php\/producto\/fonendoscopio-cardiology-iv-black-marca-littmann\/","title":{"rendered":"FONENDOSCOPIO CARDIOLOGY IV BLACK MARCA LITTMANN"},"content":{"rendered":"<p>El fonendoscopio Littmann Cardiology IV ofrece un rendimiento ac\u00fastico excepcional combinado con una versatilidad \u00fanica, mejor capacidad de auscultaci\u00f3n de sonidos de alta y baja frecuencia simplemente ajustando la presi\u00f3n sobre la campana, el lado pedi\u00e1trico de la campana se convierte en una campana abierta tradicional reemplazando la membrana por un aro quita fr\u00edo,\u00a0 y dise\u00f1o de tubo de doble lumen especial que elimina ruidos externos no deseados.<\/p>\n<p>Especificaciones:<\/p>\n<p>\u2022 Longitud total: 69cm<br \/>\n\u2022 Peso neto: 167gr<br \/>\n\u2022 Desempe\u00f1o ac\u00fastico: 9<br \/>\n\u2022 Di\u00e1metro del diafragma: 3,3 cm<br \/>\n\u2022 Material de diafragma: Epoxi fibra de vidrio<br \/>\n\u2022 Binaurales doble lumen<br \/>\n\u2022 Olivas suaves<br \/>\n\u2022 Usos : Cardiolog\u00eda \/ Alto rendimiento<\/p>\n","protected":false},"excerpt":{"rendered":"<p>El fonendoscopio Littmann Cardiology IV ofrece un rendimiento ac\u00fastico excepcional combinado con una versatilidad \u00fanica<\/p>\n","protected":false},"featured_media":3349,"comment_status":"open","ping_status":"closed","template":"","meta":[],"product_cat":[74,80],"product_tag":[],"acf":[],"aioseo_notices":[],"_links":{"self":[{"href":"https:\/\/biomedicals.com.co\/index.php\/wp-json\/wp\/v2\/product\/3348"}],"collection":[{"href":"https:\/\/biomedicals.com.co\/index.php\/wp-json\/wp\/v2\/product"}],"about":[{"href":"https:\/\/biomedicals.com.co\/index.php\/wp-json\/wp\/v2\/types\/product"}],"replies":[{"embeddable":true,"href":"https:\/\/biomedicals.com.co\/index.php\/wp-json\/wp\/v2\/comments?post=3348"}],"wp:featuredmedia":[{"embeddable":true,"href":"https:\/\/biomedicals.com.co\/index.php\/wp-json\/wp\/v2\/media\/3349"}],"wp:attachment":[{"href":"https:\/\/biomedicals.com.co\/index.php\/wp-json\/wp\/v2\/media?parent=3348"}],"wp:term":[{"taxonomy":"product_cat","embeddable":true,"href":"https:\/\/biomedicals.com.co\/index.php\/wp-json\/wp\/v2\/product_cat?post=3348"},{"taxonomy":"product_tag","embeddable":true,"href":"https:\/\/biomedicals.com.co\/index.php\/wp-json\/wp\/v2\/product_tag?post=3348"}],"curies":[{"name":"wp","href":"https:\/\/api.w.org\/{rel}","templated":true}]}}