{"id":3352,"date":"2023-08-11T16:35:11","date_gmt":"2023-08-11T21:35:11","guid":{"rendered":"https:\/\/biomedicals.com.co\/?post_type=product&#038;p=3352"},"modified":"2025-03-25T17:09:32","modified_gmt":"2025-03-25T22:09:32","slug":"fonendoscopio-rappaport-doble-servicio","status":"publish","type":"product","link":"https:\/\/biomedicals.com.co\/index.php\/producto\/fonendoscopio-rappaport-doble-servicio\/","title":{"rendered":"FONENDOSCOPIO RAPPAPORT DOBLE SERVICIO"},"content":{"rendered":"<p><span style=\"font-weight: 400;\">Fonendoscopio rappaport doble servicio, cuenta con un dise\u00f1o de doble manguera que asegura una transmisi\u00f3n superior del sonido. Fabricado en aleaci\u00f3n de zinc con doble campana (adulto y pedi\u00e1trico) y aro de protecci\u00f3n contra el fr\u00edo.<\/span><\/p>\n<p><span style=\"font-weight: 400;\">Caracter\u00edsticas:<\/span><\/p>\n<ul>\n<li><span style=\"font-weight: 400;\">\u00a0<\/span><span style=\"font-weight: 400;\">3 Anillos pl\u00e1sticos para la pieza de pecho<\/span><\/li>\n<li><span style=\"font-weight: 400;\">\u00a0Manguera fabricada en PVC<\/span><span style=\"font-weight: 400;\"><br \/>\n<\/span><\/li>\n<li><span style=\"font-weight: 400;\">Incluye llave para ajuste del man\u00f3metro<\/span><span style=\"font-weight: 400;\"><br \/>\n<\/span><\/li>\n<li><span style=\"font-weight: 400;\">Incluye marquilla y 2 pares de olivas duras<\/span><\/li>\n<\/ul>\n<p><span style=\"font-weight: 400;\">Limpieza y cuidado del fonendoscopio:<\/span><\/p>\n<p><span style=\"font-weight: 400;\">La limpieza de estetoscopio es muy importante debido a que esto podr\u00eda dificultar su correcto funcionamiento, pero tambi\u00e9n es importante desinfectarlo en el caso de mantener una correcta higiene con el resto de los pacientes. Para realizar tal fin es apropiado limpiar el estetoscopio con una soluci\u00f3n de alcohol isoprop\u00edlico al 70%, no es apropiado sumergirlo en l\u00edquido ni esterilizarlo.<\/span><\/p>\n<p><span style=\"font-weight: 400;\">Es importante que el aparato se mantenga alejado de zonas excesivamente fr\u00edas o calientes que puedan afectar a su funcionamiento.<\/span><\/p>\n","protected":false},"excerpt":{"rendered":"<p><span style=\"font-weight: 400;\">Fonendoscopio rappaport doble servicio, cuenta con un dise\u00f1o de doble manguera que asegura una transmisi\u00f3n superior del sonido. Fabricado en aleaci\u00f3n de zinc con doble campana (adulto y pedi\u00e1trico) y aro de protecci\u00f3n contra el fr\u00edo.<\/span><\/p>\n","protected":false},"featured_media":3353,"comment_status":"open","ping_status":"closed","template":"","meta":[],"product_cat":[74,80],"product_tag":[],"acf":[],"aioseo_notices":[],"_links":{"self":[{"href":"https:\/\/biomedicals.com.co\/index.php\/wp-json\/wp\/v2\/product\/3352"}],"collection":[{"href":"https:\/\/biomedicals.com.co\/index.php\/wp-json\/wp\/v2\/product"}],"about":[{"href":"https:\/\/biomedicals.com.co\/index.php\/wp-json\/wp\/v2\/types\/product"}],"replies":[{"embeddable":true,"href":"https:\/\/biomedicals.com.co\/index.php\/wp-json\/wp\/v2\/comments?post=3352"}],"wp:featuredmedia":[{"embeddable":true,"href":"https:\/\/biomedicals.com.co\/index.php\/wp-json\/wp\/v2\/media\/3353"}],"wp:attachment":[{"href":"https:\/\/biomedicals.com.co\/index.php\/wp-json\/wp\/v2\/media?parent=3352"}],"wp:term":[{"taxonomy":"product_cat","embeddable":true,"href":"https:\/\/biomedicals.com.co\/index.php\/wp-json\/wp\/v2\/product_cat?post=3352"},{"taxonomy":"product_tag","embeddable":true,"href":"https:\/\/biomedicals.com.co\/index.php\/wp-json\/wp\/v2\/product_tag?post=3352"}],"curies":[{"name":"wp","href":"https:\/\/api.w.org\/{rel}","templated":true}]}}