{"id":3354,"date":"2023-08-11T16:38:37","date_gmt":"2023-08-11T21:38:37","guid":{"rendered":"https:\/\/biomedicals.com.co\/?post_type=product&#038;p=3354"},"modified":"2023-08-11T16:38:37","modified_gmt":"2023-08-11T21:38:37","slug":"kit-de-repuestos-para-fonendoscopio-classic-iii","status":"publish","type":"product","link":"https:\/\/biomedicals.com.co\/index.php\/producto\/kit-de-repuestos-para-fonendoscopio-classic-iii\/","title":{"rendered":"KIT DE REPUESTOS PARA FONENDOSCOPIO CLASSIC III"},"content":{"rendered":"<p><span style=\"font-weight: 400;\">Kit de Repuestos para Littmann Classic III Y Cardiology III compuesto de (olivas, membrana flotante delantera adulto y membrana flotante trasera pedi\u00e1trica)<\/span><\/p>\n<p><span style=\"font-weight: 400;\">El kit de repuestos para estetoscopios Littmann\u00ae de 3M \u2122 para el estetoscopio Classic III \u2122 y el estetoscopio cardiol\u00f3gico IV contiene un diafragma sintonizable negro\/gris de una pieza para los lados adulto y pedi\u00e1trico del cofre, adem\u00e1s de dos broches peque\u00f1os, negros\/gris Ortesis de sellado suave herm\u00e9tico.<\/span><\/p>\n","protected":false},"excerpt":{"rendered":"<p><span style=\"font-weight: 400;\">Kit de Repuestos para Littmann Classic III Y Cardiology III compuesto de (olivas, membrana flotante delantera adulto y membrana flotante trasera pedi\u00e1trica)<\/span><\/p>\n","protected":false},"featured_media":3355,"comment_status":"open","ping_status":"closed","template":"","meta":[],"product_cat":[74,80],"product_tag":[],"acf":[],"aioseo_notices":[],"_links":{"self":[{"href":"https:\/\/biomedicals.com.co\/index.php\/wp-json\/wp\/v2\/product\/3354"}],"collection":[{"href":"https:\/\/biomedicals.com.co\/index.php\/wp-json\/wp\/v2\/product"}],"about":[{"href":"https:\/\/biomedicals.com.co\/index.php\/wp-json\/wp\/v2\/types\/product"}],"replies":[{"embeddable":true,"href":"https:\/\/biomedicals.com.co\/index.php\/wp-json\/wp\/v2\/comments?post=3354"}],"wp:featuredmedia":[{"embeddable":true,"href":"https:\/\/biomedicals.com.co\/index.php\/wp-json\/wp\/v2\/media\/3355"}],"wp:attachment":[{"href":"https:\/\/biomedicals.com.co\/index.php\/wp-json\/wp\/v2\/media?parent=3354"}],"wp:term":[{"taxonomy":"product_cat","embeddable":true,"href":"https:\/\/biomedicals.com.co\/index.php\/wp-json\/wp\/v2\/product_cat?post=3354"},{"taxonomy":"product_tag","embeddable":true,"href":"https:\/\/biomedicals.com.co\/index.php\/wp-json\/wp\/v2\/product_tag?post=3354"}],"curies":[{"name":"wp","href":"https:\/\/api.w.org\/{rel}","templated":true}]}}