{"id":3368,"date":"2023-08-11T17:13:46","date_gmt":"2023-08-11T22:13:46","guid":{"rendered":"https:\/\/biomedicals.com.co\/?post_type=product&#038;p=3368"},"modified":"2023-08-11T17:13:47","modified_gmt":"2023-08-11T22:13:47","slug":"infantometro-enrollable-para-bebes-y-ninos-pequenos-marca-seca","status":"publish","type":"product","link":"https:\/\/biomedicals.com.co\/index.php\/producto\/infantometro-enrollable-para-bebes-y-ninos-pequenos-marca-seca\/","title":{"rendered":"INFANTOMETRO ENROLLABLE PARA BEBES Y NI\u00d1OS PEQUE\u00d1OS MARCA SECA"},"content":{"rendered":"<p>Infantometro port\u00e1til enrollable para ni\u00f1os y bebes SECA 210 Infantometro suave al tacto, lavable, plegable con elementos para guardarlo en la pared. permite medir la longitud de beb\u00e9s y ni\u00f1os peque\u00f1os acostados, f\u00e1cilmente y con precisi\u00f3n. La pieza fija de la cabeza y el tope deslizante para los pies simplifican su uso.<\/p>\n<p>Caracter\u00edsticas:<\/p>\n<p>\u2022 Rango de medici\u00f3n: 10 \u2013 99 cm \/ 4 \u2013 39\u2033<br \/>\n\u2022 Divisi\u00f3n: 5 mm \/ 1\/4\u2033<br \/>\n\u2022 Peso: 1.3 lbs \/ 575 g<br \/>\n\u2022 Dimensiones: 1,250 x 140 x 300 mm \/ 49.2 x 5.5 x 11.8\u2033 \/ 120 x 140 x 300 mm \/ 4.7 x 5.5 x 11.8<br \/>\n\u2022 Las funciones: Montaje en pared necesario \/ posible<\/p>\n","protected":false},"excerpt":{"rendered":"<p>Infantometro port\u00e1til enrollable para ni\u00f1os y bebes SECA 210 Infantometro suave al tacto, lavable, plegable con elementos para guardarlo en la pared<\/p>\n","protected":false},"featured_media":3369,"comment_status":"open","ping_status":"closed","template":"","meta":[],"product_cat":[74,82],"product_tag":[],"acf":[],"aioseo_notices":[],"_links":{"self":[{"href":"https:\/\/biomedicals.com.co\/index.php\/wp-json\/wp\/v2\/product\/3368"}],"collection":[{"href":"https:\/\/biomedicals.com.co\/index.php\/wp-json\/wp\/v2\/product"}],"about":[{"href":"https:\/\/biomedicals.com.co\/index.php\/wp-json\/wp\/v2\/types\/product"}],"replies":[{"embeddable":true,"href":"https:\/\/biomedicals.com.co\/index.php\/wp-json\/wp\/v2\/comments?post=3368"}],"wp:featuredmedia":[{"embeddable":true,"href":"https:\/\/biomedicals.com.co\/index.php\/wp-json\/wp\/v2\/media\/3369"}],"wp:attachment":[{"href":"https:\/\/biomedicals.com.co\/index.php\/wp-json\/wp\/v2\/media?parent=3368"}],"wp:term":[{"taxonomy":"product_cat","embeddable":true,"href":"https:\/\/biomedicals.com.co\/index.php\/wp-json\/wp\/v2\/product_cat?post=3368"},{"taxonomy":"product_tag","embeddable":true,"href":"https:\/\/biomedicals.com.co\/index.php\/wp-json\/wp\/v2\/product_tag?post=3368"}],"curies":[{"name":"wp","href":"https:\/\/api.w.org\/{rel}","templated":true}]}}