{"id":3370,"date":"2023-08-11T17:16:07","date_gmt":"2023-08-11T22:16:07","guid":{"rendered":"https:\/\/biomedicals.com.co\/?post_type=product&#038;p=3370"},"modified":"2023-08-11T17:16:07","modified_gmt":"2023-08-11T22:16:07","slug":"infantometro-mecanicomarca-seca","status":"publish","type":"product","link":"https:\/\/biomedicals.com.co\/index.php\/producto\/infantometro-mecanicomarca-seca\/","title":{"rendered":"INFANTOMETRO M\u00c9CANICOMARCA SECA"},"content":{"rendered":"<p>Infant\u00f3metro mec\u00e1nico SECA 416 El dise\u00f1o robusto y la gran estabilidad de este infant\u00f3metro facilitan una medici\u00f3n r\u00e1pida y sencilla de la talla de beb\u00e9s y de ni\u00f1os peque\u00f1os de hasta dos a\u00f1os de edad.<br \/>\nLas amplias dimensiones de la plataforma y los laterales elevados y ligeramente redondeados permiten colocar al infante r\u00e1pida y segura en una posici\u00f3n adecuada. El tope para los pies est\u00e1 firmemente montado en dos rieles gu\u00eda con correderas, a lo largo de la escala de medici\u00f3n. El tope para los pies, bloqueable, permite atender al beb\u00e9 hasta que se pueda anotar el resultado. Todos los componentes ofrecen una extraordinaria calidad, una larga vida \u00fatil y una gran resistencia.<\/p>\n<p>Caracter\u00edsticas:<\/p>\n<p>\u2022 Rango de medici\u00f3n: 33cm \u2013 100cm<br \/>\n\u2022 Divisi\u00f3n: 1 mm<br \/>\n\u2022 Peso: 3.8kg<br \/>\n\u2022 Dimensiones (AxAxP): 1103 x 169 x 402 mm<br \/>\n\u2022 Funciones: Error de pesaje<\/p>\n","protected":false},"excerpt":{"rendered":"<p>Infant\u00f3metro mec\u00e1nico SECA 416 El dise\u00f1o robusto y la gran estabilidad de este infant\u00f3metro facilitan una medici\u00f3n r\u00e1pida y sencilla de la talla de beb\u00e9s y de ni\u00f1os peque\u00f1os de hasta dos a\u00f1os de edad<\/p>\n","protected":false},"featured_media":3371,"comment_status":"open","ping_status":"closed","template":"","meta":[],"product_cat":[74,82],"product_tag":[],"acf":[],"aioseo_notices":[],"_links":{"self":[{"href":"https:\/\/biomedicals.com.co\/index.php\/wp-json\/wp\/v2\/product\/3370"}],"collection":[{"href":"https:\/\/biomedicals.com.co\/index.php\/wp-json\/wp\/v2\/product"}],"about":[{"href":"https:\/\/biomedicals.com.co\/index.php\/wp-json\/wp\/v2\/types\/product"}],"replies":[{"embeddable":true,"href":"https:\/\/biomedicals.com.co\/index.php\/wp-json\/wp\/v2\/comments?post=3370"}],"wp:featuredmedia":[{"embeddable":true,"href":"https:\/\/biomedicals.com.co\/index.php\/wp-json\/wp\/v2\/media\/3371"}],"wp:attachment":[{"href":"https:\/\/biomedicals.com.co\/index.php\/wp-json\/wp\/v2\/media?parent=3370"}],"wp:term":[{"taxonomy":"product_cat","embeddable":true,"href":"https:\/\/biomedicals.com.co\/index.php\/wp-json\/wp\/v2\/product_cat?post=3370"},{"taxonomy":"product_tag","embeddable":true,"href":"https:\/\/biomedicals.com.co\/index.php\/wp-json\/wp\/v2\/product_tag?post=3370"}],"curies":[{"name":"wp","href":"https:\/\/api.w.org\/{rel}","templated":true}]}}