{"id":3374,"date":"2023-08-11T17:23:42","date_gmt":"2023-08-11T22:23:42","guid":{"rendered":"https:\/\/biomedicals.com.co\/?post_type=product&#038;p=3374"},"modified":"2023-09-25T15:07:44","modified_gmt":"2023-09-25T20:07:44","slug":"cinta-metrica-ergonomica-marca-seca","status":"publish","type":"product","link":"https:\/\/biomedicals.com.co\/index.php\/producto\/cinta-metrica-ergonomica-marca-seca\/","title":{"rendered":"CINTA METRICA ERGON\u00d3MICA MARCA SECA"},"content":{"rendered":"<p>Cinta m\u00e9trica para medici\u00f3n corporal y circunferencias.<\/p>\n<p>Especificaciones:<\/p>\n<p>Rango de medici\u00f3n en cm:0 \u2013 205 cm<br \/>\nRango de medici\u00f3n en inch:0 \u2013 80 \u201d<br \/>\nDivisi\u00f3n:1 mm, 1\/8 inch<br \/>\nDimensiones ( AxAxP): 70 x 22 x 65 mm , 2,8 x 0,9 x 2,6 inch<br \/>\nPeso neto: 50 g , 0,1 lbs<br \/>\nFunciones: Medici\u00f3n m\u00f3vil<\/p>\n","protected":false},"excerpt":{"rendered":"<p>Cinta m\u00e9trica para medici\u00f3n corporal y circunferencias<\/p>\n","protected":false},"featured_media":3375,"comment_status":"open","ping_status":"closed","template":"","meta":[],"product_cat":[74,82],"product_tag":[],"acf":[],"aioseo_notices":[],"_links":{"self":[{"href":"https:\/\/biomedicals.com.co\/index.php\/wp-json\/wp\/v2\/product\/3374"}],"collection":[{"href":"https:\/\/biomedicals.com.co\/index.php\/wp-json\/wp\/v2\/product"}],"about":[{"href":"https:\/\/biomedicals.com.co\/index.php\/wp-json\/wp\/v2\/types\/product"}],"replies":[{"embeddable":true,"href":"https:\/\/biomedicals.com.co\/index.php\/wp-json\/wp\/v2\/comments?post=3374"}],"wp:featuredmedia":[{"embeddable":true,"href":"https:\/\/biomedicals.com.co\/index.php\/wp-json\/wp\/v2\/media\/3375"}],"wp:attachment":[{"href":"https:\/\/biomedicals.com.co\/index.php\/wp-json\/wp\/v2\/media?parent=3374"}],"wp:term":[{"taxonomy":"product_cat","embeddable":true,"href":"https:\/\/biomedicals.com.co\/index.php\/wp-json\/wp\/v2\/product_cat?post=3374"},{"taxonomy":"product_tag","embeddable":true,"href":"https:\/\/biomedicals.com.co\/index.php\/wp-json\/wp\/v2\/product_tag?post=3374"}],"curies":[{"name":"wp","href":"https:\/\/api.w.org\/{rel}","templated":true}]}}