{"id":3376,"date":"2023-08-11T17:27:23","date_gmt":"2023-08-11T22:27:23","guid":{"rendered":"https:\/\/biomedicals.com.co\/?post_type=product&#038;p=3376"},"modified":"2023-09-25T15:07:32","modified_gmt":"2023-09-25T20:07:32","slug":"cinta-metrica-de-pared-marca-seca","status":"publish","type":"product","link":"https:\/\/biomedicals.com.co\/index.php\/producto\/cinta-metrica-de-pared-marca-seca\/","title":{"rendered":"CINTA M\u00c9TRICA DE PARED &#8211; MARCA SECA"},"content":{"rendered":"<p><b>Caracter\u00edsticas<\/b><strong>:<\/strong><\/p>\n<p><strong>a.<\/strong> La persona a medir se coloca debajo la cinta m\u00e9trica<br \/>\n<strong>b.<\/strong> La leng\u00fceta medidora se baja hasta la cabeza.<br \/>\n<strong>c.<\/strong> En el campo de visi\u00f3n aparece la altura del cuerpo.<\/p>\n<p>&nbsp;<\/p>\n<p><strong>Especificaciones t\u00e9cnicas:<\/strong><\/p>\n<p>Rango: medici\u00f3n en cm: 0 \u2013 220 cm<br \/>\nDivisi\u00f3n: 1 mm<br \/>\nDimensiones (AxAxP): 4,9\u201d x 4,9\u201d x 6,8\u201d<br \/>\nPeso neto: 202 g<br \/>\nFunciones: Montaje en la pared<\/p>\n","protected":false},"excerpt":{"rendered":"<p>Cinta m\u00e9trica enrollable de pared SECA 206 . Se fija en la pared f\u00e1cilmente con un solo tornillo. El indicador de medida se encuentra en el tope para la cabeza y permite una f\u00e1cil lectura de la altura.<\/p>\n","protected":false},"featured_media":3377,"comment_status":"open","ping_status":"closed","template":"","meta":[],"product_cat":[74,82],"product_tag":[],"acf":[],"aioseo_notices":[],"_links":{"self":[{"href":"https:\/\/biomedicals.com.co\/index.php\/wp-json\/wp\/v2\/product\/3376"}],"collection":[{"href":"https:\/\/biomedicals.com.co\/index.php\/wp-json\/wp\/v2\/product"}],"about":[{"href":"https:\/\/biomedicals.com.co\/index.php\/wp-json\/wp\/v2\/types\/product"}],"replies":[{"embeddable":true,"href":"https:\/\/biomedicals.com.co\/index.php\/wp-json\/wp\/v2\/comments?post=3376"}],"wp:featuredmedia":[{"embeddable":true,"href":"https:\/\/biomedicals.com.co\/index.php\/wp-json\/wp\/v2\/media\/3377"}],"wp:attachment":[{"href":"https:\/\/biomedicals.com.co\/index.php\/wp-json\/wp\/v2\/media?parent=3376"}],"wp:term":[{"taxonomy":"product_cat","embeddable":true,"href":"https:\/\/biomedicals.com.co\/index.php\/wp-json\/wp\/v2\/product_cat?post=3376"},{"taxonomy":"product_tag","embeddable":true,"href":"https:\/\/biomedicals.com.co\/index.php\/wp-json\/wp\/v2\/product_tag?post=3376"}],"curies":[{"name":"wp","href":"https:\/\/api.w.org\/{rel}","templated":true}]}}